{"id":398629,"date":"2026-04-19T09:57:34","date_gmt":"2026-04-19T12:57:34","guid":{"rendered":"https:\/\/ninja.encktemp.com.br\/speedbrindes\/product\/mochila-couro-sintetico-28-litros\/"},"modified":"2026-04-19T09:57:34","modified_gmt":"2026-04-19T12:57:34","slug":"mochila-couro-sintetico-28-litros","status":"publish","type":"product","link":"https:\/\/ninja.encktemp.com.br\/speedbrindes\/product\/mochila-couro-sintetico-28-litros\/","title":{"rendered":"MOCHILA COURO SINT\u00c9TICO 28 LITROS"},"content":{"rendered":"","protected":false},"excerpt":{"rendered":"<p>Mochila com capacidade m\u00e1xima de 28 litros confeccionada em Couro Sint\u00e9tico imperme\u00e1vel. Possui compartimento principal com cinta compressora de engate pl\u00e1stico e bolso em PEVA com fechamento em z\u00edper para objetos \u00famidos. Conta ainda com dois compartimentos frontais em tamanhos diferentes, sendo um deles com bolso em tela de malha, al\u00e9m de dois compartimentos traseiros, um com espa\u00e7o para notebook de at\u00e9 17,3 polegadas e outro para armazenamento das al\u00e7as de costas, permitindo o uso em formato <\/p>\n<p><strong>Altura:<\/strong> 45 cm<br \/>\n<strong>Largura:<\/strong> 29 cm<br \/>\n<strong>Comprimento:<\/strong> 16 cm<br \/>\n<strong>Peso aproximado (g):<\/strong> 999<\/p>\n","protected":false},"featured_media":398726,"comment_status":"open","ping_status":"closed","template":"","meta":[],"product_brand":[2878],"product_cat":[2713,2897],"product_tag":[],"class_list":{"0":"post-398629","1":"product","2":"type-product","3":"status-publish","4":"has-post-thumbnail","6":"product_brand-xbz","7":"product_cat-2713","8":"product_cat-mochilas-e-bolsas","10":"first","11":"instock","12":"shipping-taxable","13":"purchasable","14":"product-type-simple"},"_links":{"self":[{"href":"https:\/\/ninja.encktemp.com.br\/speedbrindes\/wp-json\/wp\/v2\/product\/398629","targetHints":{"allow":["GET"]}}],"collection":[{"href":"https:\/\/ninja.encktemp.com.br\/speedbrindes\/wp-json\/wp\/v2\/product"}],"about":[{"href":"https:\/\/ninja.encktemp.com.br\/speedbrindes\/wp-json\/wp\/v2\/types\/product"}],"replies":[{"embeddable":true,"href":"https:\/\/ninja.encktemp.com.br\/speedbrindes\/wp-json\/wp\/v2\/comments?post=398629"}],"wp:featuredmedia":[{"embeddable":true,"href":"https:\/\/ninja.encktemp.com.br\/speedbrindes\/wp-json\/wp\/v2\/media\/398726"}],"wp:attachment":[{"href":"https:\/\/ninja.encktemp.com.br\/speedbrindes\/wp-json\/wp\/v2\/media?parent=398629"}],"wp:term":[{"taxonomy":"product_brand","embeddable":true,"href":"https:\/\/ninja.encktemp.com.br\/speedbrindes\/wp-json\/wp\/v2\/product_brand?post=398629"},{"taxonomy":"product_cat","embeddable":true,"href":"https:\/\/ninja.encktemp.com.br\/speedbrindes\/wp-json\/wp\/v2\/product_cat?post=398629"},{"taxonomy":"product_tag","embeddable":true,"href":"https:\/\/ninja.encktemp.com.br\/speedbrindes\/wp-json\/wp\/v2\/product_tag?post=398629"}],"curies":[{"name":"wp","href":"https:\/\/api.w.org\/{rel}","templated":true}]}}