{"id":395850,"date":"2026-04-19T09:46:14","date_gmt":"2026-04-19T12:46:14","guid":{"rendered":"https:\/\/ninja.encktemp.com.br\/speedbrindes\/product\/bloco-de-anotacoes-com-suporte-3\/"},"modified":"2026-04-19T09:46:17","modified_gmt":"2026-04-19T12:46:17","slug":"bloco-de-anotacoes-com-suporte-3","status":"publish","type":"product","link":"https:\/\/ninja.encktemp.com.br\/speedbrindes\/product\/bloco-de-anotacoes-com-suporte-3\/","title":{"rendered":"BLOCO DE ANOTA\u00c7\u00d5ES COM SUPORTE"},"content":{"rendered":"","protected":false},"excerpt":{"rendered":"<p>Leve suas ideias e anota\u00e7\u00f5es a qualquer lugar! Nosso caderneta com estilo executivo \u00e9 ideal para registros do dia a dia, unindo eleg\u00e2ncia e praticidade. Ele conta com 78 folhas destac\u00e1veis,\u00a0 facilitando compartilhamento de anota\u00e7\u00f5es. Feito em couro sint\u00e9tico e com capa dura, possui um bolso para documentos e pap\u00e9is. Al\u00e9m disso, conta com fechamento magn\u00e9tico e suporte para caneta, garantindo organiza\u00e7\u00e3o e funcionalidade.\u00a0    OBS.: N\u00c3O ACOMPANHA CANETA!  <\/p>\n","protected":false},"featured_media":294822,"comment_status":"open","ping_status":"closed","template":"","meta":[],"product_brand":[2878],"product_cat":[2713,2902],"product_tag":[],"class_list":{"0":"post-395850","1":"product","2":"type-product","3":"status-publish","4":"has-post-thumbnail","6":"product_brand-xbz","7":"product_cat-2713","8":"product_cat-escritorio-e-papelaria","10":"first","11":"instock","12":"shipping-taxable","13":"purchasable","14":"product-type-variable"},"_links":{"self":[{"href":"https:\/\/ninja.encktemp.com.br\/speedbrindes\/wp-json\/wp\/v2\/product\/395850","targetHints":{"allow":["GET"]}}],"collection":[{"href":"https:\/\/ninja.encktemp.com.br\/speedbrindes\/wp-json\/wp\/v2\/product"}],"about":[{"href":"https:\/\/ninja.encktemp.com.br\/speedbrindes\/wp-json\/wp\/v2\/types\/product"}],"replies":[{"embeddable":true,"href":"https:\/\/ninja.encktemp.com.br\/speedbrindes\/wp-json\/wp\/v2\/comments?post=395850"}],"wp:featuredmedia":[{"embeddable":true,"href":"https:\/\/ninja.encktemp.com.br\/speedbrindes\/wp-json\/wp\/v2\/media\/294822"}],"wp:attachment":[{"href":"https:\/\/ninja.encktemp.com.br\/speedbrindes\/wp-json\/wp\/v2\/media?parent=395850"}],"wp:term":[{"taxonomy":"product_brand","embeddable":true,"href":"https:\/\/ninja.encktemp.com.br\/speedbrindes\/wp-json\/wp\/v2\/product_brand?post=395850"},{"taxonomy":"product_cat","embeddable":true,"href":"https:\/\/ninja.encktemp.com.br\/speedbrindes\/wp-json\/wp\/v2\/product_cat?post=395850"},{"taxonomy":"product_tag","embeddable":true,"href":"https:\/\/ninja.encktemp.com.br\/speedbrindes\/wp-json\/wp\/v2\/product_tag?post=395850"}],"curies":[{"name":"wp","href":"https:\/\/api.w.org\/{rel}","templated":true}]}}