{"id":394805,"date":"2026-04-19T09:42:21","date_gmt":"2026-04-19T12:42:21","guid":{"rendered":"https:\/\/ninja.encktemp.com.br\/speedbrindes\/product\/squeeze-plastico-900ml-5\/"},"modified":"2026-04-19T09:42:25","modified_gmt":"2026-04-19T12:42:25","slug":"squeeze-plastico-900ml-5","status":"publish","type":"product","link":"https:\/\/ninja.encktemp.com.br\/speedbrindes\/product\/squeeze-plastico-900ml-5\/","title":{"rendered":"SQUEEZE PL\u00c1STICO 900ML"},"content":{"rendered":"","protected":false},"excerpt":{"rendered":"<p>Squeeze pl\u00e1stico com capacidade de 900ml. Possui tampa rosque\u00e1vel com tampa protetora para bocal e al\u00e7a para transporte acoplado.<\/p>\n","protected":false},"featured_media":296733,"comment_status":"open","ping_status":"closed","template":"","meta":[],"product_brand":[2878],"product_cat":[2713,2901],"product_tag":[],"class_list":{"0":"post-394805","1":"product","2":"type-product","3":"status-publish","4":"has-post-thumbnail","6":"product_brand-xbz","7":"product_cat-2713","8":"product_cat-casa-e-cozinha","10":"first","11":"instock","12":"shipping-taxable","13":"purchasable","14":"product-type-variable"},"_links":{"self":[{"href":"https:\/\/ninja.encktemp.com.br\/speedbrindes\/wp-json\/wp\/v2\/product\/394805","targetHints":{"allow":["GET"]}}],"collection":[{"href":"https:\/\/ninja.encktemp.com.br\/speedbrindes\/wp-json\/wp\/v2\/product"}],"about":[{"href":"https:\/\/ninja.encktemp.com.br\/speedbrindes\/wp-json\/wp\/v2\/types\/product"}],"replies":[{"embeddable":true,"href":"https:\/\/ninja.encktemp.com.br\/speedbrindes\/wp-json\/wp\/v2\/comments?post=394805"}],"wp:featuredmedia":[{"embeddable":true,"href":"https:\/\/ninja.encktemp.com.br\/speedbrindes\/wp-json\/wp\/v2\/media\/296733"}],"wp:attachment":[{"href":"https:\/\/ninja.encktemp.com.br\/speedbrindes\/wp-json\/wp\/v2\/media?parent=394805"}],"wp:term":[{"taxonomy":"product_brand","embeddable":true,"href":"https:\/\/ninja.encktemp.com.br\/speedbrindes\/wp-json\/wp\/v2\/product_brand?post=394805"},{"taxonomy":"product_cat","embeddable":true,"href":"https:\/\/ninja.encktemp.com.br\/speedbrindes\/wp-json\/wp\/v2\/product_cat?post=394805"},{"taxonomy":"product_tag","embeddable":true,"href":"https:\/\/ninja.encktemp.com.br\/speedbrindes\/wp-json\/wp\/v2\/product_tag?post=394805"}],"curies":[{"name":"wp","href":"https:\/\/api.w.org\/{rel}","templated":true}]}}