{"id":394429,"date":"2026-04-19T09:40:53","date_gmt":"2026-04-19T12:40:53","guid":{"rendered":"https:\/\/ninja.encktemp.com.br\/speedbrindes\/product\/caderneta-em-couro-sintetico-7\/"},"modified":"2026-04-19T09:40:57","modified_gmt":"2026-04-19T12:40:57","slug":"caderneta-em-couro-sintetico-7","status":"publish","type":"product","link":"https:\/\/ninja.encktemp.com.br\/speedbrindes\/product\/caderneta-em-couro-sintetico-7\/","title":{"rendered":"CADERNETA EM COURO SINT\u00c9TICO"},"content":{"rendered":"","protected":false},"excerpt":{"rendered":"<p>Caderneta de couro sint\u00e9tico com fechamento de bot\u00e3o. Possui caderno capa dura em couro sint\u00e9tico com aproximadamente 100 folhas pautadas, divis\u00f3rias para cart\u00f5es e bolso lateral.<\/p>\n","protected":false},"featured_media":245099,"comment_status":"open","ping_status":"closed","template":"","meta":[],"product_brand":[2878],"product_cat":[2713,2902],"product_tag":[],"class_list":{"0":"post-394429","1":"product","2":"type-product","3":"status-publish","4":"has-post-thumbnail","6":"product_brand-xbz","7":"product_cat-2713","8":"product_cat-escritorio-e-papelaria","10":"first","11":"instock","12":"shipping-taxable","13":"purchasable","14":"product-type-variable"},"_links":{"self":[{"href":"https:\/\/ninja.encktemp.com.br\/speedbrindes\/wp-json\/wp\/v2\/product\/394429","targetHints":{"allow":["GET"]}}],"collection":[{"href":"https:\/\/ninja.encktemp.com.br\/speedbrindes\/wp-json\/wp\/v2\/product"}],"about":[{"href":"https:\/\/ninja.encktemp.com.br\/speedbrindes\/wp-json\/wp\/v2\/types\/product"}],"replies":[{"embeddable":true,"href":"https:\/\/ninja.encktemp.com.br\/speedbrindes\/wp-json\/wp\/v2\/comments?post=394429"}],"wp:featuredmedia":[{"embeddable":true,"href":"https:\/\/ninja.encktemp.com.br\/speedbrindes\/wp-json\/wp\/v2\/media\/245099"}],"wp:attachment":[{"href":"https:\/\/ninja.encktemp.com.br\/speedbrindes\/wp-json\/wp\/v2\/media?parent=394429"}],"wp:term":[{"taxonomy":"product_brand","embeddable":true,"href":"https:\/\/ninja.encktemp.com.br\/speedbrindes\/wp-json\/wp\/v2\/product_brand?post=394429"},{"taxonomy":"product_cat","embeddable":true,"href":"https:\/\/ninja.encktemp.com.br\/speedbrindes\/wp-json\/wp\/v2\/product_cat?post=394429"},{"taxonomy":"product_tag","embeddable":true,"href":"https:\/\/ninja.encktemp.com.br\/speedbrindes\/wp-json\/wp\/v2\/product_tag?post=394429"}],"curies":[{"name":"wp","href":"https:\/\/api.w.org\/{rel}","templated":true}]}}