{"id":378793,"date":"2026-04-11T22:45:49","date_gmt":"2026-04-12T01:45:49","guid":{"rendered":"https:\/\/ninja.encktemp.com.br\/speedbrindes\/product\/bone-poliester-aba-curva-com-tela-2\/"},"modified":"2026-04-12T01:17:22","modified_gmt":"2026-04-12T04:17:22","slug":"bone-poliester-aba-curva-com-tela-2","status":"publish","type":"product","link":"https:\/\/ninja.encktemp.com.br\/speedbrindes\/product\/bone-poliester-aba-curva-com-tela-2\/","title":{"rendered":"BON\u00c9 POLI\u00c9STER ABA CURVA COM TELA"},"content":{"rendered":"","protected":false},"excerpt":{"rendered":"<p>Bon\u00e9 de aba curva em poli\u00e9ster com parte frontal resistente a leves respingos d\u00e1gua e tela respir\u00e1vel lateral. Conta com fecho pl\u00e1stico ajust\u00e1vel na parte traseira.<\/p>\n<p><strong>Altura:<\/strong> 15 cm<br \/>\n<strong>Largura:<\/strong> 27.5 cm<br \/>\n<strong>Comprimento:<\/strong> 7 cm<br \/>\n<strong>Peso aproximado (g):<\/strong> 61<\/p>\n","protected":false},"featured_media":0,"comment_status":"open","ping_status":"closed","template":"","meta":[],"product_brand":[2878],"product_cat":[2713,2905],"product_tag":[],"class_list":{"0":"post-378793","1":"product","2":"type-product","3":"status-publish","5":"product_brand-xbz","6":"product_cat-2713","7":"product_cat-bolsas-e-acessorios-de-viagem","9":"first","10":"instock","11":"shipping-taxable","12":"purchasable","13":"product-type-variable"},"_links":{"self":[{"href":"https:\/\/ninja.encktemp.com.br\/speedbrindes\/wp-json\/wp\/v2\/product\/378793","targetHints":{"allow":["GET"]}}],"collection":[{"href":"https:\/\/ninja.encktemp.com.br\/speedbrindes\/wp-json\/wp\/v2\/product"}],"about":[{"href":"https:\/\/ninja.encktemp.com.br\/speedbrindes\/wp-json\/wp\/v2\/types\/product"}],"replies":[{"embeddable":true,"href":"https:\/\/ninja.encktemp.com.br\/speedbrindes\/wp-json\/wp\/v2\/comments?post=378793"}],"wp:attachment":[{"href":"https:\/\/ninja.encktemp.com.br\/speedbrindes\/wp-json\/wp\/v2\/media?parent=378793"}],"wp:term":[{"taxonomy":"product_brand","embeddable":true,"href":"https:\/\/ninja.encktemp.com.br\/speedbrindes\/wp-json\/wp\/v2\/product_brand?post=378793"},{"taxonomy":"product_cat","embeddable":true,"href":"https:\/\/ninja.encktemp.com.br\/speedbrindes\/wp-json\/wp\/v2\/product_cat?post=378793"},{"taxonomy":"product_tag","embeddable":true,"href":"https:\/\/ninja.encktemp.com.br\/speedbrindes\/wp-json\/wp\/v2\/product_tag?post=378793"}],"curies":[{"name":"wp","href":"https:\/\/api.w.org\/{rel}","templated":true}]}}