{"id":378561,"date":"2026-04-11T22:44:53","date_gmt":"2026-04-12T01:44:53","guid":{"rendered":"https:\/\/ninja.encktemp.com.br\/speedbrindes\/product\/caneta-metal-touch-46\/"},"modified":"2026-04-15T02:41:37","modified_gmt":"2026-04-15T05:41:37","slug":"caneta-metal-touch-46","status":"publish","type":"product","link":"https:\/\/ninja.encktemp.com.br\/speedbrindes\/product\/caneta-metal-touch-46\/","title":{"rendered":"CANETA METAL TOUCH"},"content":{"rendered":"","protected":false},"excerpt":{"rendered":"<p>Caneta met\u00e1lica com pintura em acabamento perolado, tr\u00eas an\u00e9is em baixo relevo na parte inferior do corpo e ponteira em pl\u00e1stico. Possui acionamento por clique, topo emborrachado para uso em dispositivos com telas sens\u00edveis ao toque e carga esferogr\u00e1fica azul de 1,0 mm.<\/p>\n<p><strong>Altura:<\/strong> 14.3 cm<br \/>\n<strong>Largura:<\/strong> 1.4 cm<br \/>\n<strong>Peso aproximado (g):<\/strong> 17<\/p>\n","protected":false},"featured_media":0,"comment_status":"open","ping_status":"closed","template":"","meta":[],"product_brand":[2878],"product_cat":[2713,2902],"product_tag":[],"class_list":{"0":"post-378561","1":"product","2":"type-product","3":"status-publish","5":"product_brand-xbz","6":"product_cat-2713","7":"product_cat-escritorio-e-papelaria","9":"first","10":"instock","11":"shipping-taxable","12":"purchasable","13":"product-type-variable"},"_links":{"self":[{"href":"https:\/\/ninja.encktemp.com.br\/speedbrindes\/wp-json\/wp\/v2\/product\/378561","targetHints":{"allow":["GET"]}}],"collection":[{"href":"https:\/\/ninja.encktemp.com.br\/speedbrindes\/wp-json\/wp\/v2\/product"}],"about":[{"href":"https:\/\/ninja.encktemp.com.br\/speedbrindes\/wp-json\/wp\/v2\/types\/product"}],"replies":[{"embeddable":true,"href":"https:\/\/ninja.encktemp.com.br\/speedbrindes\/wp-json\/wp\/v2\/comments?post=378561"}],"wp:attachment":[{"href":"https:\/\/ninja.encktemp.com.br\/speedbrindes\/wp-json\/wp\/v2\/media?parent=378561"}],"wp:term":[{"taxonomy":"product_brand","embeddable":true,"href":"https:\/\/ninja.encktemp.com.br\/speedbrindes\/wp-json\/wp\/v2\/product_brand?post=378561"},{"taxonomy":"product_cat","embeddable":true,"href":"https:\/\/ninja.encktemp.com.br\/speedbrindes\/wp-json\/wp\/v2\/product_cat?post=378561"},{"taxonomy":"product_tag","embeddable":true,"href":"https:\/\/ninja.encktemp.com.br\/speedbrindes\/wp-json\/wp\/v2\/product_tag?post=378561"}],"curies":[{"name":"wp","href":"https:\/\/api.w.org\/{rel}","templated":true}]}}