{"id":378541,"date":"2026-04-11T22:44:50","date_gmt":"2026-04-12T01:44:50","guid":{"rendered":"https:\/\/ninja.encktemp.com.br\/speedbrindes\/product\/caneta-metal-touch-43\/"},"modified":"2026-04-12T01:16:44","modified_gmt":"2026-04-12T04:16:44","slug":"caneta-metal-touch-43","status":"publish","type":"product","link":"https:\/\/ninja.encktemp.com.br\/speedbrindes\/product\/caneta-metal-touch-43\/","title":{"rendered":"CANETA METAL TOUCH"},"content":{"rendered":"","protected":false},"excerpt":{"rendered":"<p>Caneta met\u00e1lica com ponteira em pl\u00e1stico, al\u00e9m de detalhe emborrachado no topo para intera\u00e7\u00e3o com dispositivos de telas sens\u00edveis ao toque. Possui acabamento brilhante e conta com acionamento por clique e carga esferogr\u00e1fica azul de 1,0 mm.<\/p>\n<p><strong>Altura:<\/strong> 14.2 cm<br \/>\n<strong>Largura:<\/strong> 1.6 cm<br \/>\n<strong>Peso aproximado (g):<\/strong> 17<\/p>\n","protected":false},"featured_media":0,"comment_status":"open","ping_status":"closed","template":"","meta":[],"product_brand":[2878],"product_cat":[2713,2902],"product_tag":[],"class_list":{"0":"post-378541","1":"product","2":"type-product","3":"status-publish","5":"product_brand-xbz","6":"product_cat-2713","7":"product_cat-escritorio-e-papelaria","9":"first","10":"instock","11":"shipping-taxable","12":"purchasable","13":"product-type-variable"},"_links":{"self":[{"href":"https:\/\/ninja.encktemp.com.br\/speedbrindes\/wp-json\/wp\/v2\/product\/378541","targetHints":{"allow":["GET"]}}],"collection":[{"href":"https:\/\/ninja.encktemp.com.br\/speedbrindes\/wp-json\/wp\/v2\/product"}],"about":[{"href":"https:\/\/ninja.encktemp.com.br\/speedbrindes\/wp-json\/wp\/v2\/types\/product"}],"replies":[{"embeddable":true,"href":"https:\/\/ninja.encktemp.com.br\/speedbrindes\/wp-json\/wp\/v2\/comments?post=378541"}],"wp:attachment":[{"href":"https:\/\/ninja.encktemp.com.br\/speedbrindes\/wp-json\/wp\/v2\/media?parent=378541"}],"wp:term":[{"taxonomy":"product_brand","embeddable":true,"href":"https:\/\/ninja.encktemp.com.br\/speedbrindes\/wp-json\/wp\/v2\/product_brand?post=378541"},{"taxonomy":"product_cat","embeddable":true,"href":"https:\/\/ninja.encktemp.com.br\/speedbrindes\/wp-json\/wp\/v2\/product_cat?post=378541"},{"taxonomy":"product_tag","embeddable":true,"href":"https:\/\/ninja.encktemp.com.br\/speedbrindes\/wp-json\/wp\/v2\/product_tag?post=378541"}],"curies":[{"name":"wp","href":"https:\/\/api.w.org\/{rel}","templated":true}]}}