{"id":378496,"date":"2026-04-11T22:44:39","date_gmt":"2026-04-12T01:44:39","guid":{"rendered":"https:\/\/ninja.encktemp.com.br\/speedbrindes\/product\/bolsa-termica-dupla-12l\/"},"modified":"2026-04-15T02:41:33","modified_gmt":"2026-04-15T05:41:33","slug":"bolsa-termica-dupla-12l","status":"publish","type":"product","link":"https:\/\/ninja.encktemp.com.br\/speedbrindes\/product\/bolsa-termica-dupla-12l\/","title":{"rendered":"BOLSA T\u00c9RMICA DUPLA 12L"},"content":{"rendered":"","protected":false},"excerpt":{"rendered":"<p>Bolsa t\u00e9rmica em Oxford 600D resistente \u00e0 \u00e1gua e estrutura interna em espuma. Possui dois compartimentos t\u00e9rmicos com capacidade total de at\u00e9 12 litros, sendo o superior com revestimento em alum\u00ednio e bolso interno em tela com el\u00e1stico, enquanto o inferior apresenta revestimento em PEVA antivazamento. Conta tamb\u00e9m com bolso frontal com fechamento em z\u00edper, dois bolsos em tela de nylon com el\u00e1stico e duas al\u00e7as de m\u00e3o costuradas. Acompanha al\u00e7a transversal ajust\u00e1vel.<\/p>\n<p><strong>Altura:<\/strong> 27.5 cm<br \/>\n<strong>Largura:<\/strong> 24.5 cm<br \/>\n<strong>Comprimento:<\/strong> 16.5 cm<br \/>\n<strong>Peso aproximado (g):<\/strong> 294<\/p>\n","protected":false},"featured_media":0,"comment_status":"open","ping_status":"closed","template":"","meta":[],"product_brand":[2878],"product_cat":[2713,2897],"product_tag":[],"class_list":{"0":"post-378496","1":"product","2":"type-product","3":"status-publish","5":"product_brand-xbz","6":"product_cat-2713","7":"product_cat-mochilas-e-bolsas","9":"first","10":"instock","11":"shipping-taxable","12":"purchasable","13":"product-type-variable"},"_links":{"self":[{"href":"https:\/\/ninja.encktemp.com.br\/speedbrindes\/wp-json\/wp\/v2\/product\/378496","targetHints":{"allow":["GET"]}}],"collection":[{"href":"https:\/\/ninja.encktemp.com.br\/speedbrindes\/wp-json\/wp\/v2\/product"}],"about":[{"href":"https:\/\/ninja.encktemp.com.br\/speedbrindes\/wp-json\/wp\/v2\/types\/product"}],"replies":[{"embeddable":true,"href":"https:\/\/ninja.encktemp.com.br\/speedbrindes\/wp-json\/wp\/v2\/comments?post=378496"}],"wp:attachment":[{"href":"https:\/\/ninja.encktemp.com.br\/speedbrindes\/wp-json\/wp\/v2\/media?parent=378496"}],"wp:term":[{"taxonomy":"product_brand","embeddable":true,"href":"https:\/\/ninja.encktemp.com.br\/speedbrindes\/wp-json\/wp\/v2\/product_brand?post=378496"},{"taxonomy":"product_cat","embeddable":true,"href":"https:\/\/ninja.encktemp.com.br\/speedbrindes\/wp-json\/wp\/v2\/product_cat?post=378496"},{"taxonomy":"product_tag","embeddable":true,"href":"https:\/\/ninja.encktemp.com.br\/speedbrindes\/wp-json\/wp\/v2\/product_tag?post=378496"}],"curies":[{"name":"wp","href":"https:\/\/api.w.org\/{rel}","templated":true}]}}