{"id":378430,"date":"2026-04-11T22:44:23","date_gmt":"2026-04-12T01:44:23","guid":{"rendered":"https:\/\/ninja.encktemp.com.br\/speedbrindes\/product\/caneta-metal-touch-39\/"},"modified":"2026-04-19T09:56:30","modified_gmt":"2026-04-19T12:56:30","slug":"caneta-metal-touch-39","status":"publish","type":"product","link":"https:\/\/ninja.encktemp.com.br\/speedbrindes\/product\/caneta-metal-touch-39\/","title":{"rendered":"CANETA METAL TOUCH"},"content":{"rendered":"","protected":false},"excerpt":{"rendered":"<p>Caneta met\u00e1lica com textura pr\u00f3ximo \u00e0 ponta, detalhes em pl\u00e1stico e acabamento emborrachado no topo para o uso em dispositivos com telas sens\u00edveis ao toque. Conta ainda com acionamento por clique e carga esferogr\u00e1fica azul de 1,0mm.<\/p>\n<p><strong>Altura:<\/strong> 13.9 cm<br \/>\n<strong>Largura:<\/strong> 1.6 cm<br \/>\n<strong>Peso aproximado (g):<\/strong> 19<\/p>\n","protected":false},"featured_media":388478,"comment_status":"open","ping_status":"closed","template":"","meta":[],"product_brand":[2878],"product_cat":[2713,2902],"product_tag":[],"class_list":{"0":"post-378430","1":"product","2":"type-product","3":"status-publish","4":"has-post-thumbnail","6":"product_brand-xbz","7":"product_cat-2713","8":"product_cat-escritorio-e-papelaria","10":"first","11":"instock","12":"shipping-taxable","13":"purchasable","14":"product-type-variable"},"_links":{"self":[{"href":"https:\/\/ninja.encktemp.com.br\/speedbrindes\/wp-json\/wp\/v2\/product\/378430","targetHints":{"allow":["GET"]}}],"collection":[{"href":"https:\/\/ninja.encktemp.com.br\/speedbrindes\/wp-json\/wp\/v2\/product"}],"about":[{"href":"https:\/\/ninja.encktemp.com.br\/speedbrindes\/wp-json\/wp\/v2\/types\/product"}],"replies":[{"embeddable":true,"href":"https:\/\/ninja.encktemp.com.br\/speedbrindes\/wp-json\/wp\/v2\/comments?post=378430"}],"wp:featuredmedia":[{"embeddable":true,"href":"https:\/\/ninja.encktemp.com.br\/speedbrindes\/wp-json\/wp\/v2\/media\/388478"}],"wp:attachment":[{"href":"https:\/\/ninja.encktemp.com.br\/speedbrindes\/wp-json\/wp\/v2\/media?parent=378430"}],"wp:term":[{"taxonomy":"product_brand","embeddable":true,"href":"https:\/\/ninja.encktemp.com.br\/speedbrindes\/wp-json\/wp\/v2\/product_brand?post=378430"},{"taxonomy":"product_cat","embeddable":true,"href":"https:\/\/ninja.encktemp.com.br\/speedbrindes\/wp-json\/wp\/v2\/product_cat?post=378430"},{"taxonomy":"product_tag","embeddable":true,"href":"https:\/\/ninja.encktemp.com.br\/speedbrindes\/wp-json\/wp\/v2\/product_tag?post=378430"}],"curies":[{"name":"wp","href":"https:\/\/api.w.org\/{rel}","templated":true}]}}