{"id":378423,"date":"2026-04-11T22:44:21","date_gmt":"2026-04-12T01:44:21","guid":{"rendered":"https:\/\/ninja.encktemp.com.br\/speedbrindes\/product\/power-bank-inducao-10-000mah\/"},"modified":"2026-04-19T09:56:24","modified_gmt":"2026-04-19T12:56:24","slug":"power-bank-inducao-10-000mah","status":"publish","type":"product","link":"https:\/\/ninja.encktemp.com.br\/speedbrindes\/product\/power-bank-inducao-10-000mah\/","title":{"rendered":"POWER BANK INDU\u00c7\u00c3O 10.000MAH"},"content":{"rendered":"","protected":false},"excerpt":{"rendered":"<p> Power bank para carregamento de dispositivos compat\u00edveis com a tecnologia de indu\u00e7\u00e3o magn\u00e9tica, estrutura em pl\u00e1stico, entrada USB-C para alimenta\u00e7\u00e3o e capacidade de at\u00e9 10.000mAh.<\/p>\n<p><strong>Altura:<\/strong> 9.7 cm<br \/>\n<strong>Largura:<\/strong> 6.5 cm<br \/>\n<strong>Comprimento:<\/strong> 1.9 cm<br \/>\n<strong>Peso aproximado (g):<\/strong> 173<\/p>\n","protected":false},"featured_media":388780,"comment_status":"open","ping_status":"closed","template":"","meta":[],"product_brand":[2878],"product_cat":[2713,2906],"product_tag":[],"class_list":{"0":"post-378423","1":"product","2":"type-product","3":"status-publish","4":"has-post-thumbnail","6":"product_brand-xbz","7":"product_cat-2713","8":"product_cat-eletronicos-e-acessorios","10":"first","11":"instock","12":"shipping-taxable","13":"purchasable","14":"product-type-simple"},"_links":{"self":[{"href":"https:\/\/ninja.encktemp.com.br\/speedbrindes\/wp-json\/wp\/v2\/product\/378423","targetHints":{"allow":["GET"]}}],"collection":[{"href":"https:\/\/ninja.encktemp.com.br\/speedbrindes\/wp-json\/wp\/v2\/product"}],"about":[{"href":"https:\/\/ninja.encktemp.com.br\/speedbrindes\/wp-json\/wp\/v2\/types\/product"}],"replies":[{"embeddable":true,"href":"https:\/\/ninja.encktemp.com.br\/speedbrindes\/wp-json\/wp\/v2\/comments?post=378423"}],"wp:featuredmedia":[{"embeddable":true,"href":"https:\/\/ninja.encktemp.com.br\/speedbrindes\/wp-json\/wp\/v2\/media\/388780"}],"wp:attachment":[{"href":"https:\/\/ninja.encktemp.com.br\/speedbrindes\/wp-json\/wp\/v2\/media?parent=378423"}],"wp:term":[{"taxonomy":"product_brand","embeddable":true,"href":"https:\/\/ninja.encktemp.com.br\/speedbrindes\/wp-json\/wp\/v2\/product_brand?post=378423"},{"taxonomy":"product_cat","embeddable":true,"href":"https:\/\/ninja.encktemp.com.br\/speedbrindes\/wp-json\/wp\/v2\/product_cat?post=378423"},{"taxonomy":"product_tag","embeddable":true,"href":"https:\/\/ninja.encktemp.com.br\/speedbrindes\/wp-json\/wp\/v2\/product_tag?post=378423"}],"curies":[{"name":"wp","href":"https:\/\/api.w.org\/{rel}","templated":true}]}}