{"id":378340,"date":"2026-04-11T22:43:58","date_gmt":"2026-04-12T01:43:58","guid":{"rendered":"https:\/\/ninja.encktemp.com.br\/speedbrindes\/product\/cafeteira-prensa-francesa-1l\/"},"modified":"2026-04-12T01:15:53","modified_gmt":"2026-04-12T04:15:53","slug":"cafeteira-prensa-francesa-1l","status":"publish","type":"product","link":"https:\/\/ninja.encktemp.com.br\/speedbrindes\/product\/cafeteira-prensa-francesa-1l\/","title":{"rendered":"CAFETEIRA PRENSA FRANCESA 1L"},"content":{"rendered":"","protected":false},"excerpt":{"rendered":"<p>Cafeteira tipo prensa francesa em vidro com capacidade para at\u00e9 1 litro, al\u00e9m de al\u00e7a e detalhes em pl\u00e1stico. Possui tampa em pl\u00e1stico com \u00eambolo e tela em inox.<\/p>\n<p><strong>Altura:<\/strong> 23 cm<br \/>\n<strong>Largura:<\/strong> 14 cm<br \/>\n<strong>Peso aproximado (g):<\/strong> 419<\/p>\n","protected":false},"featured_media":0,"comment_status":"open","ping_status":"closed","template":"","meta":[],"product_brand":[2878],"product_cat":[2713],"product_tag":[],"class_list":{"0":"post-378340","1":"product","2":"type-product","3":"status-publish","5":"product_brand-xbz","6":"product_cat-2713","8":"first","9":"instock","10":"shipping-taxable","11":"purchasable","12":"product-type-simple"},"_links":{"self":[{"href":"https:\/\/ninja.encktemp.com.br\/speedbrindes\/wp-json\/wp\/v2\/product\/378340","targetHints":{"allow":["GET"]}}],"collection":[{"href":"https:\/\/ninja.encktemp.com.br\/speedbrindes\/wp-json\/wp\/v2\/product"}],"about":[{"href":"https:\/\/ninja.encktemp.com.br\/speedbrindes\/wp-json\/wp\/v2\/types\/product"}],"replies":[{"embeddable":true,"href":"https:\/\/ninja.encktemp.com.br\/speedbrindes\/wp-json\/wp\/v2\/comments?post=378340"}],"wp:attachment":[{"href":"https:\/\/ninja.encktemp.com.br\/speedbrindes\/wp-json\/wp\/v2\/media?parent=378340"}],"wp:term":[{"taxonomy":"product_brand","embeddable":true,"href":"https:\/\/ninja.encktemp.com.br\/speedbrindes\/wp-json\/wp\/v2\/product_brand?post=378340"},{"taxonomy":"product_cat","embeddable":true,"href":"https:\/\/ninja.encktemp.com.br\/speedbrindes\/wp-json\/wp\/v2\/product_cat?post=378340"},{"taxonomy":"product_tag","embeddable":true,"href":"https:\/\/ninja.encktemp.com.br\/speedbrindes\/wp-json\/wp\/v2\/product_tag?post=378340"}],"curies":[{"name":"wp","href":"https:\/\/api.w.org\/{rel}","templated":true}]}}