{"id":378288,"date":"2026-04-11T22:43:50","date_gmt":"2026-04-12T01:43:50","guid":{"rendered":"https:\/\/ninja.encktemp.com.br\/speedbrindes\/product\/bolsa-termica-dupla-14l\/"},"modified":"2026-04-12T01:15:55","modified_gmt":"2026-04-12T04:15:55","slug":"bolsa-termica-dupla-14l","status":"publish","type":"product","link":"https:\/\/ninja.encktemp.com.br\/speedbrindes\/product\/bolsa-termica-dupla-14l\/","title":{"rendered":"BOLSA T\u00c9RMICA DUPLA 14L"},"content":{"rendered":"","protected":false},"excerpt":{"rendered":"<p>Bolsa t\u00e9rmica confeccionada em poli\u00e9ster 600 imperme\u00e1vel, fechamento em z\u00edper e dois compartimentos com capacidade para at\u00e9 14 litros. Possui revestimento interno em laminado branco e bolso telado em malha. Conta ainda com bolso lateral em tela, bolso frontal com fechamento em z\u00edper, duas al\u00e7as de m\u00e3o e al\u00e7a transversal ajust\u00e1vel.<\/p>\n<p><strong>Altura:<\/strong> 30 cm<br \/>\n<strong>Largura:<\/strong> 25 cm<br \/>\n<strong>Comprimento:<\/strong> 18 cm<br \/>\n<strong>Peso aproximado (g):<\/strong> 385<\/p>\n","protected":false},"featured_media":0,"comment_status":"open","ping_status":"closed","template":"","meta":[],"product_brand":[2878],"product_cat":[2713,2897],"product_tag":[],"class_list":{"0":"post-378288","1":"product","2":"type-product","3":"status-publish","5":"product_brand-xbz","6":"product_cat-2713","7":"product_cat-mochilas-e-bolsas","9":"first","10":"instock","11":"shipping-taxable","12":"purchasable","13":"product-type-variable"},"_links":{"self":[{"href":"https:\/\/ninja.encktemp.com.br\/speedbrindes\/wp-json\/wp\/v2\/product\/378288","targetHints":{"allow":["GET"]}}],"collection":[{"href":"https:\/\/ninja.encktemp.com.br\/speedbrindes\/wp-json\/wp\/v2\/product"}],"about":[{"href":"https:\/\/ninja.encktemp.com.br\/speedbrindes\/wp-json\/wp\/v2\/types\/product"}],"replies":[{"embeddable":true,"href":"https:\/\/ninja.encktemp.com.br\/speedbrindes\/wp-json\/wp\/v2\/comments?post=378288"}],"wp:attachment":[{"href":"https:\/\/ninja.encktemp.com.br\/speedbrindes\/wp-json\/wp\/v2\/media?parent=378288"}],"wp:term":[{"taxonomy":"product_brand","embeddable":true,"href":"https:\/\/ninja.encktemp.com.br\/speedbrindes\/wp-json\/wp\/v2\/product_brand?post=378288"},{"taxonomy":"product_cat","embeddable":true,"href":"https:\/\/ninja.encktemp.com.br\/speedbrindes\/wp-json\/wp\/v2\/product_cat?post=378288"},{"taxonomy":"product_tag","embeddable":true,"href":"https:\/\/ninja.encktemp.com.br\/speedbrindes\/wp-json\/wp\/v2\/product_tag?post=378288"}],"curies":[{"name":"wp","href":"https:\/\/api.w.org\/{rel}","templated":true}]}}