{"id":377909,"date":"2026-04-11T22:42:24","date_gmt":"2026-04-12T01:42:24","guid":{"rendered":"https:\/\/ninja.encktemp.com.br\/speedbrindes\/product\/garrafa-de-aluminio-550ml\/"},"modified":"2026-04-12T01:14:34","modified_gmt":"2026-04-12T04:14:34","slug":"garrafa-de-aluminio-550ml","status":"publish","type":"product","link":"https:\/\/ninja.encktemp.com.br\/speedbrindes\/product\/garrafa-de-aluminio-550ml\/","title":{"rendered":"GARRAFA DE ALUM\u00cdNIO 550ML"},"content":{"rendered":"","protected":false},"excerpt":{"rendered":"<p>Garrafa em alum\u00ednio com tampa rosque\u00e1vel e capacidade para at\u00e9 550ml.<\/p>\n<p><strong>Altura:<\/strong> 21.7 cm<br \/>\n<strong>Largura:<\/strong> 6.6 cm<br \/>\n<strong>Peso aproximado (g):<\/strong> 83<\/p>\n","protected":false},"featured_media":0,"comment_status":"open","ping_status":"closed","template":"","meta":[],"product_brand":[2878],"product_cat":[2713,2901],"product_tag":[],"class_list":{"0":"post-377909","1":"product","2":"type-product","3":"status-publish","5":"product_brand-xbz","6":"product_cat-2713","7":"product_cat-casa-e-cozinha","9":"first","10":"instock","11":"shipping-taxable","12":"purchasable","13":"product-type-variable"},"_links":{"self":[{"href":"https:\/\/ninja.encktemp.com.br\/speedbrindes\/wp-json\/wp\/v2\/product\/377909","targetHints":{"allow":["GET"]}}],"collection":[{"href":"https:\/\/ninja.encktemp.com.br\/speedbrindes\/wp-json\/wp\/v2\/product"}],"about":[{"href":"https:\/\/ninja.encktemp.com.br\/speedbrindes\/wp-json\/wp\/v2\/types\/product"}],"replies":[{"embeddable":true,"href":"https:\/\/ninja.encktemp.com.br\/speedbrindes\/wp-json\/wp\/v2\/comments?post=377909"}],"wp:attachment":[{"href":"https:\/\/ninja.encktemp.com.br\/speedbrindes\/wp-json\/wp\/v2\/media?parent=377909"}],"wp:term":[{"taxonomy":"product_brand","embeddable":true,"href":"https:\/\/ninja.encktemp.com.br\/speedbrindes\/wp-json\/wp\/v2\/product_brand?post=377909"},{"taxonomy":"product_cat","embeddable":true,"href":"https:\/\/ninja.encktemp.com.br\/speedbrindes\/wp-json\/wp\/v2\/product_cat?post=377909"},{"taxonomy":"product_tag","embeddable":true,"href":"https:\/\/ninja.encktemp.com.br\/speedbrindes\/wp-json\/wp\/v2\/product_tag?post=377909"}],"curies":[{"name":"wp","href":"https:\/\/api.w.org\/{rel}","templated":true}]}}