{"id":377828,"date":"2026-04-11T22:42:02","date_gmt":"2026-04-12T01:42:02","guid":{"rendered":"https:\/\/ninja.encktemp.com.br\/speedbrindes\/product\/garrafa-termica-600ml-6\/"},"modified":"2026-04-12T01:14:13","modified_gmt":"2026-04-12T04:14:13","slug":"garrafa-termica-600ml-6","status":"publish","type":"product","link":"https:\/\/ninja.encktemp.com.br\/speedbrindes\/product\/garrafa-termica-600ml-6\/","title":{"rendered":"GARRAFA T\u00c9RMICA 600ML"},"content":{"rendered":"","protected":false},"excerpt":{"rendered":"<p>Garrafa t\u00e9rmica em inox 304 com capacidade m\u00e1xima de at\u00e9 600ml. Conta com estrutura de parede dupla e veda\u00e7\u00e3o a v\u00e1cuo para manter a temperatura de l\u00edquidos conservada por mais tempo. Possui tampa rosque\u00e1vel em pl\u00e1stico com protetor para o bocal e al\u00e7a para transporte. Acompanha protetor antiderrapante para a base.<\/p>\n<p><strong>Altura:<\/strong> 23.3 cm<br \/>\n<strong>Largura:<\/strong> 8.5 cm<br \/>\n<strong>Peso aproximado (g):<\/strong> 327<\/p>\n","protected":false},"featured_media":0,"comment_status":"open","ping_status":"closed","template":"","meta":[],"product_brand":[2878],"product_cat":[2713,2901],"product_tag":[],"class_list":{"0":"post-377828","1":"product","2":"type-product","3":"status-publish","5":"product_brand-xbz","6":"product_cat-2713","7":"product_cat-casa-e-cozinha","9":"first","10":"instock","11":"shipping-taxable","12":"purchasable","13":"product-type-variable"},"_links":{"self":[{"href":"https:\/\/ninja.encktemp.com.br\/speedbrindes\/wp-json\/wp\/v2\/product\/377828","targetHints":{"allow":["GET"]}}],"collection":[{"href":"https:\/\/ninja.encktemp.com.br\/speedbrindes\/wp-json\/wp\/v2\/product"}],"about":[{"href":"https:\/\/ninja.encktemp.com.br\/speedbrindes\/wp-json\/wp\/v2\/types\/product"}],"replies":[{"embeddable":true,"href":"https:\/\/ninja.encktemp.com.br\/speedbrindes\/wp-json\/wp\/v2\/comments?post=377828"}],"wp:attachment":[{"href":"https:\/\/ninja.encktemp.com.br\/speedbrindes\/wp-json\/wp\/v2\/media?parent=377828"}],"wp:term":[{"taxonomy":"product_brand","embeddable":true,"href":"https:\/\/ninja.encktemp.com.br\/speedbrindes\/wp-json\/wp\/v2\/product_brand?post=377828"},{"taxonomy":"product_cat","embeddable":true,"href":"https:\/\/ninja.encktemp.com.br\/speedbrindes\/wp-json\/wp\/v2\/product_cat?post=377828"},{"taxonomy":"product_tag","embeddable":true,"href":"https:\/\/ninja.encktemp.com.br\/speedbrindes\/wp-json\/wp\/v2\/product_tag?post=377828"}],"curies":[{"name":"wp","href":"https:\/\/api.w.org\/{rel}","templated":true}]}}