{"id":367887,"date":"2026-04-07T15:28:46","date_gmt":"2026-04-07T18:28:46","guid":{"rendered":"https:\/\/ninja.encktemp.com.br\/speedbrindes\/product\/mochila-c-compartimento-a-vacuo-e-expansor\/"},"modified":"2026-04-07T21:01:03","modified_gmt":"2026-04-08T00:01:03","slug":"mochila-c-compartimento-a-vacuo-e-expansor","status":"publish","type":"product","link":"https:\/\/ninja.encktemp.com.br\/speedbrindes\/product\/mochila-c-compartimento-a-vacuo-e-expansor\/","title":{"rendered":"Mochila c\/ Compartimento a V\u00e1cuo e Expansor"},"content":{"rendered":"","protected":false},"excerpt":{"rendered":"<p>Mochila premium em poli\u00e9ster 600D com detalhe em PU e interior em poli\u00e9ster 210D. Conta com compartimento interno a v\u00e1cuo, acompanha bomba para desinflar, expansor com z\u00edper, compartimento frontal com z\u00edper, compartimento para notebook de at\u00e9 15,6\u201d, compartimento com z\u00edper nas costas, engate para mala de viagem e al\u00e7as de m\u00e3o e ombro acolchoadas.<\/p>\n<p>*Acompanha bomba para desinflar\/inflar juntamente com 6 pilhas.<\/p>\n<p>Volume: 26L (Com Expansor)<br \/>\nVolume: 18,5L (Sem Expansor)<\/p>\n<p><strong><span style=\"color: #000000;background-color: gold;font-size: 10px;padding: 2px 5px\">\u00a035% OFF NA PLAQUINHA!\u00a0<\/span><\/strong><br \/>\n<span style=\"font-size: 13px\">\u00a0Entre em contato com seu consultor para adicionar no pedido a plaquinha.<\/span><br \/>\n<em style=\"font-size: 12px\">*Desconto v\u00e1lido somente na compra dos itens: Mochilas, Necessaires e Bolsas T\u00e9rmicas.<\/em><\/p>\n<p><u><a href=\"https:\/\/www.asiaimport.com.br\/categoria\/placas\">Ver plaquinhas<\/a><\/u><br \/><strong>Dimens\u00e3o do Produto:<\/strong> 44x31x11cm (AxLxP)<br \/><strong>Peso do Produto:<\/strong> 0,822kg<br \/><strong>Embalagem:<\/strong> Saco Pl\u00e1stico<br \/><strong>Dimens\u00e3o da Caixa:<\/strong> 45x35x50cm<br \/><strong>Peso da Caixa:<\/strong> 9kgs<br \/><strong>Quant. por Caixa:<\/strong> 10p\u00e7s<br \/><strong>NCM:<\/strong> 4202.92.00<\/p>\n","protected":false},"featured_media":367888,"comment_status":"open","ping_status":"closed","template":"","meta":[],"product_brand":[2877],"product_cat":[250,2733,2784,2785,2789,3874],"product_tag":[2739,3875],"class_list":{"0":"post-367887","1":"product","2":"type-product","3":"status-publish","4":"has-post-thumbnail","6":"product_brand-asia-imports","7":"product_cat-mochilas","8":"product_cat-mochilas-malas","9":"product_cat-p-notebooks","10":"product_cat-engate-mala-de-viagem","11":"product_cat-premium","12":"product_cat-com-expansor","13":"product_tag-lancamento","14":"product_tag-expansor","16":"first","17":"instock","18":"shipping-taxable","19":"purchasable","20":"product-type-simple"},"_links":{"self":[{"href":"https:\/\/ninja.encktemp.com.br\/speedbrindes\/wp-json\/wp\/v2\/product\/367887","targetHints":{"allow":["GET"]}}],"collection":[{"href":"https:\/\/ninja.encktemp.com.br\/speedbrindes\/wp-json\/wp\/v2\/product"}],"about":[{"href":"https:\/\/ninja.encktemp.com.br\/speedbrindes\/wp-json\/wp\/v2\/types\/product"}],"replies":[{"embeddable":true,"href":"https:\/\/ninja.encktemp.com.br\/speedbrindes\/wp-json\/wp\/v2\/comments?post=367887"}],"wp:featuredmedia":[{"embeddable":true,"href":"https:\/\/ninja.encktemp.com.br\/speedbrindes\/wp-json\/wp\/v2\/media\/367888"}],"wp:attachment":[{"href":"https:\/\/ninja.encktemp.com.br\/speedbrindes\/wp-json\/wp\/v2\/media?parent=367887"}],"wp:term":[{"taxonomy":"product_brand","embeddable":true,"href":"https:\/\/ninja.encktemp.com.br\/speedbrindes\/wp-json\/wp\/v2\/product_brand?post=367887"},{"taxonomy":"product_cat","embeddable":true,"href":"https:\/\/ninja.encktemp.com.br\/speedbrindes\/wp-json\/wp\/v2\/product_cat?post=367887"},{"taxonomy":"product_tag","embeddable":true,"href":"https:\/\/ninja.encktemp.com.br\/speedbrindes\/wp-json\/wp\/v2\/product_tag?post=367887"}],"curies":[{"name":"wp","href":"https:\/\/api.w.org\/{rel}","templated":true}]}}