{"id":330298,"date":"2025-12-16T17:31:10","date_gmt":"2025-12-16T20:31:10","guid":{"rendered":"https:\/\/ninja.encktemp.com.br\/speedbrindes\/product\/bracadeira-esportiva-couro-sintetico\/"},"modified":"2026-01-11T03:56:17","modified_gmt":"2026-01-11T06:56:17","slug":"bracadeira-esportiva-couro-sintetico","status":"publish","type":"product","link":"https:\/\/ninja.encktemp.com.br\/speedbrindes\/product\/bracadeira-esportiva-couro-sintetico\/","title":{"rendered":"BRA\u00c7ADEIRA ESPORTIVA COURO SINT\u00c9TICO"},"content":{"rendered":"<p>Bra\u00e7adeira para celular em couro sint\u00e9tico e revestimento posterior em neoprene. Possui capacidade para aparelhos de at\u00e9 6,5 polegadas, al\u00e9m de visor em pl\u00e1stico e al\u00e7a de neoprene com fechamento em velcro para ajuste no bra\u00e7o.<\/p>\n","protected":false},"excerpt":{"rendered":"<p>Bra\u00e7adeira para celular em couro sint\u00e9tico e revestimento posterior em neoprene. Possui capacidade para aparelhos de at\u00e9 6,5 polegadas, al\u00e9m [&hellip;]<\/p>\n","protected":false},"featured_media":355557,"comment_status":"open","ping_status":"closed","template":"","meta":[],"product_brand":[2878],"product_cat":[2713,2981],"product_tag":[],"class_list":{"0":"post-330298","1":"product","2":"type-product","3":"status-publish","4":"has-post-thumbnail","6":"product_brand-xbz","7":"product_cat-2713","8":"product_cat-para-celular","10":"first","11":"instock","12":"shipping-taxable","13":"purchasable","14":"product-type-simple"},"_links":{"self":[{"href":"https:\/\/ninja.encktemp.com.br\/speedbrindes\/wp-json\/wp\/v2\/product\/330298","targetHints":{"allow":["GET"]}}],"collection":[{"href":"https:\/\/ninja.encktemp.com.br\/speedbrindes\/wp-json\/wp\/v2\/product"}],"about":[{"href":"https:\/\/ninja.encktemp.com.br\/speedbrindes\/wp-json\/wp\/v2\/types\/product"}],"replies":[{"embeddable":true,"href":"https:\/\/ninja.encktemp.com.br\/speedbrindes\/wp-json\/wp\/v2\/comments?post=330298"}],"wp:featuredmedia":[{"embeddable":true,"href":"https:\/\/ninja.encktemp.com.br\/speedbrindes\/wp-json\/wp\/v2\/media\/355557"}],"wp:attachment":[{"href":"https:\/\/ninja.encktemp.com.br\/speedbrindes\/wp-json\/wp\/v2\/media?parent=330298"}],"wp:term":[{"taxonomy":"product_brand","embeddable":true,"href":"https:\/\/ninja.encktemp.com.br\/speedbrindes\/wp-json\/wp\/v2\/product_brand?post=330298"},{"taxonomy":"product_cat","embeddable":true,"href":"https:\/\/ninja.encktemp.com.br\/speedbrindes\/wp-json\/wp\/v2\/product_cat?post=330298"},{"taxonomy":"product_tag","embeddable":true,"href":"https:\/\/ninja.encktemp.com.br\/speedbrindes\/wp-json\/wp\/v2\/product_tag?post=330298"}],"curies":[{"name":"wp","href":"https:\/\/api.w.org\/{rel}","templated":true}]}}