{"id":284893,"date":"2025-12-14T22:47:03","date_gmt":"2025-12-15T01:47:03","guid":{"rendered":"https:\/\/ninja.encktemp.com.br\/speedbrindes\/product\/jogo-de-cartas-uno-minimalista-2\/"},"modified":"2025-12-28T05:00:52","modified_gmt":"2025-12-28T08:00:52","slug":"jogo-de-cartas-uno-minimalista-2","status":"publish","type":"product","link":"https:\/\/ninja.encktemp.com.br\/speedbrindes\/product\/jogo-de-cartas-uno-minimalista-2\/","title":{"rendered":"JOGO DE CARTAS UNO MINIMALISTA"},"content":{"rendered":"<p>Jogo de cartas Uno com design minimalista. Possui 110 cartas, incluindo 19 cartas num\u00e9ricas e 6 cartas de a\u00e7\u00e3o para cada uma das 4 cores do baralho, al\u00e9m de 6 cartas especiais: duas cartas para troca de cor, duas cartas para comprar +4, uma carta para troca de m\u00e3os e uma carta de a\u00e7\u00e3o customiz\u00e1vel. <\/p>\n","protected":false},"excerpt":{"rendered":"<p>Jogo de cartas Uno com design minimalista. Possui 110 cartas, incluindo 19 cartas num\u00e9ricas e 6 cartas de a\u00e7\u00e3o para [&hellip;]<\/p>\n","protected":false},"featured_media":245337,"comment_status":"open","ping_status":"closed","template":"","meta":[],"product_brand":[2878],"product_cat":[2713],"product_tag":[],"class_list":{"0":"post-284893","1":"product","2":"type-product","3":"status-publish","4":"has-post-thumbnail","6":"product_brand-xbz","7":"product_cat-2713","9":"first","10":"instock","11":"shipping-taxable","12":"purchasable","13":"product-type-simple"},"_links":{"self":[{"href":"https:\/\/ninja.encktemp.com.br\/speedbrindes\/wp-json\/wp\/v2\/product\/284893","targetHints":{"allow":["GET"]}}],"collection":[{"href":"https:\/\/ninja.encktemp.com.br\/speedbrindes\/wp-json\/wp\/v2\/product"}],"about":[{"href":"https:\/\/ninja.encktemp.com.br\/speedbrindes\/wp-json\/wp\/v2\/types\/product"}],"replies":[{"embeddable":true,"href":"https:\/\/ninja.encktemp.com.br\/speedbrindes\/wp-json\/wp\/v2\/comments?post=284893"}],"wp:featuredmedia":[{"embeddable":true,"href":"https:\/\/ninja.encktemp.com.br\/speedbrindes\/wp-json\/wp\/v2\/media\/245337"}],"wp:attachment":[{"href":"https:\/\/ninja.encktemp.com.br\/speedbrindes\/wp-json\/wp\/v2\/media?parent=284893"}],"wp:term":[{"taxonomy":"product_brand","embeddable":true,"href":"https:\/\/ninja.encktemp.com.br\/speedbrindes\/wp-json\/wp\/v2\/product_brand?post=284893"},{"taxonomy":"product_cat","embeddable":true,"href":"https:\/\/ninja.encktemp.com.br\/speedbrindes\/wp-json\/wp\/v2\/product_cat?post=284893"},{"taxonomy":"product_tag","embeddable":true,"href":"https:\/\/ninja.encktemp.com.br\/speedbrindes\/wp-json\/wp\/v2\/product_tag?post=284893"}],"curies":[{"name":"wp","href":"https:\/\/api.w.org\/{rel}","templated":true}]}}