{"id":284859,"date":"2025-12-14T22:46:53","date_gmt":"2025-12-15T01:46:53","guid":{"rendered":"https:\/\/ninja.encktemp.com.br\/speedbrindes\/product\/bolsa-de-ombro-nylon-2\/"},"modified":"2025-12-28T05:00:59","modified_gmt":"2025-12-28T08:00:59","slug":"bolsa-de-ombro-nylon-2","status":"publish","type":"product","link":"https:\/\/ninja.encktemp.com.br\/speedbrindes\/product\/bolsa-de-ombro-nylon-2\/","title":{"rendered":"BOLSA DE OMBRO NYLON"},"content":{"rendered":"<p> Bolsa de ombro confeccionada em nylon imperme\u00e1vel com al\u00e7a ajust\u00e1vel para ombros e outra para m\u00e3o. incluindo um bolso antifurto, um localizado na aba frontal, ambos com fechamento em z\u00edper, e outro na parte interna da aba.<\/p>\n","protected":false},"excerpt":{"rendered":"<p>Bolsa de ombro confeccionada em nylon imperme\u00e1vel com al\u00e7a ajust\u00e1vel para ombros e outra para m\u00e3o. incluindo um bolso antifurto, [&hellip;]<\/p>\n","protected":false},"featured_media":246077,"comment_status":"open","ping_status":"closed","template":"","meta":[],"product_brand":[2878],"product_cat":[2897],"product_tag":[],"class_list":{"0":"post-284859","1":"product","2":"type-product","3":"status-publish","4":"has-post-thumbnail","6":"product_brand-xbz","7":"product_cat-mochilas-e-bolsas","9":"first","10":"instock","11":"shipping-taxable","12":"purchasable","13":"product-type-simple"},"_links":{"self":[{"href":"https:\/\/ninja.encktemp.com.br\/speedbrindes\/wp-json\/wp\/v2\/product\/284859","targetHints":{"allow":["GET"]}}],"collection":[{"href":"https:\/\/ninja.encktemp.com.br\/speedbrindes\/wp-json\/wp\/v2\/product"}],"about":[{"href":"https:\/\/ninja.encktemp.com.br\/speedbrindes\/wp-json\/wp\/v2\/types\/product"}],"replies":[{"embeddable":true,"href":"https:\/\/ninja.encktemp.com.br\/speedbrindes\/wp-json\/wp\/v2\/comments?post=284859"}],"wp:featuredmedia":[{"embeddable":true,"href":"https:\/\/ninja.encktemp.com.br\/speedbrindes\/wp-json\/wp\/v2\/media\/246077"}],"wp:attachment":[{"href":"https:\/\/ninja.encktemp.com.br\/speedbrindes\/wp-json\/wp\/v2\/media?parent=284859"}],"wp:term":[{"taxonomy":"product_brand","embeddable":true,"href":"https:\/\/ninja.encktemp.com.br\/speedbrindes\/wp-json\/wp\/v2\/product_brand?post=284859"},{"taxonomy":"product_cat","embeddable":true,"href":"https:\/\/ninja.encktemp.com.br\/speedbrindes\/wp-json\/wp\/v2\/product_cat?post=284859"},{"taxonomy":"product_tag","embeddable":true,"href":"https:\/\/ninja.encktemp.com.br\/speedbrindes\/wp-json\/wp\/v2\/product_tag?post=284859"}],"curies":[{"name":"wp","href":"https:\/\/api.w.org\/{rel}","templated":true}]}}