{"id":284839,"date":"2025-12-14T22:46:46","date_gmt":"2025-12-15T01:46:46","guid":{"rendered":"https:\/\/ninja.encktemp.com.br\/speedbrindes\/product\/mochila-couro-sintetico-20l-2\/"},"modified":"2026-04-15T02:40:49","modified_gmt":"2026-04-15T05:40:49","slug":"mochila-couro-sintetico-20l","status":"publish","type":"product","link":"https:\/\/ninja.encktemp.com.br\/speedbrindes\/product\/mochila-couro-sintetico-20l\/","title":{"rendered":"MOCHILA COURO SINT\u00c9TICO 20L"},"content":{"rendered":"","protected":false},"excerpt":{"rendered":"<p>Mochila confeccionada em couro sint\u00e9tico com capacidade m\u00e1xima de 20 litros. Possui compartimento principal com divis\u00f3ria em malha para notebooks de at\u00e9 15,6 polegadas. Conta ainda com tr\u00eas compartimentos frontais em tamanhos diferentes, al\u00e9m de dois bolsos em tecido respir\u00e1vel, o mesmo material de revestimento das al\u00e7as para as costas e al\u00e7a superior de m\u00e3o.<\/p>\n<p><strong>Altura:<\/strong> 41 cm<br \/>\n<strong>Largura:<\/strong> 29.9 cm<br \/>\n<strong>Comprimento:<\/strong> 13 cm<br \/>\n<strong>Peso aproximado (g):<\/strong> 755<\/p>\n","protected":false},"featured_media":245564,"comment_status":"open","ping_status":"closed","template":"","meta":[],"product_brand":[2878],"product_cat":[764,1203,1208,2897],"product_tag":[],"class_list":{"0":"post-284839","1":"product","2":"type-product","3":"status-publish","4":"has-post-thumbnail","6":"product_brand-xbz","7":"product_cat-mochilas-malas-e-necessaires","8":"product_cat-mochilas-malas-pastas","9":"product_cat-mochilas-mochilas-malas-pastas","10":"product_cat-mochilas-e-bolsas","12":"first","13":"instock","14":"shipping-taxable","15":"purchasable","16":"product-type-variable"},"_links":{"self":[{"href":"https:\/\/ninja.encktemp.com.br\/speedbrindes\/wp-json\/wp\/v2\/product\/284839","targetHints":{"allow":["GET"]}}],"collection":[{"href":"https:\/\/ninja.encktemp.com.br\/speedbrindes\/wp-json\/wp\/v2\/product"}],"about":[{"href":"https:\/\/ninja.encktemp.com.br\/speedbrindes\/wp-json\/wp\/v2\/types\/product"}],"replies":[{"embeddable":true,"href":"https:\/\/ninja.encktemp.com.br\/speedbrindes\/wp-json\/wp\/v2\/comments?post=284839"}],"wp:featuredmedia":[{"embeddable":true,"href":"https:\/\/ninja.encktemp.com.br\/speedbrindes\/wp-json\/wp\/v2\/media\/245564"}],"wp:attachment":[{"href":"https:\/\/ninja.encktemp.com.br\/speedbrindes\/wp-json\/wp\/v2\/media?parent=284839"}],"wp:term":[{"taxonomy":"product_brand","embeddable":true,"href":"https:\/\/ninja.encktemp.com.br\/speedbrindes\/wp-json\/wp\/v2\/product_brand?post=284839"},{"taxonomy":"product_cat","embeddable":true,"href":"https:\/\/ninja.encktemp.com.br\/speedbrindes\/wp-json\/wp\/v2\/product_cat?post=284839"},{"taxonomy":"product_tag","embeddable":true,"href":"https:\/\/ninja.encktemp.com.br\/speedbrindes\/wp-json\/wp\/v2\/product_tag?post=284839"}],"curies":[{"name":"wp","href":"https:\/\/api.w.org\/{rel}","templated":true}]}}