{"id":284617,"date":"2025-12-14T22:45:53","date_gmt":"2025-12-15T01:45:53","guid":{"rendered":"https:\/\/ninja.encktemp.com.br\/speedbrindes\/product\/suporte-magnetico-para-celular-3\/"},"modified":"2025-12-28T05:01:24","modified_gmt":"2025-12-28T08:01:24","slug":"suporte-magnetico-para-celular-3","status":"publish","type":"product","link":"https:\/\/ninja.encktemp.com.br\/speedbrindes\/product\/suporte-magnetico-para-celular-3\/","title":{"rendered":"SUPORTE MAGN\u00c9TICO PARA CELULAR"},"content":{"rendered":"<p>uporte magn\u00e9tico em pl\u00e1stico ABS com articula\u00e7\u00e3o em diferentes \u00e2ngulos e rota\u00e7\u00e3o de 360 graus no pr\u00f3prio eixo. Possui superf\u00edcie magn\u00e9tica para fixa\u00e7\u00e3o de aparelhos na vertical ou horizontal, compat\u00edvel com dispositivos magn\u00e9ticos ou com o anel adaptador incluso. Conta com mecanismo girat\u00f3rio para press\u00e3o da ventosa em superf\u00edcies lisas. Acompanha anel magn\u00e9tico adesivo, placa pl\u00e1stica com adesivo, kit de len\u00e7os e chave Allen.<\/p>\n","protected":false},"excerpt":{"rendered":"<p>uporte magn\u00e9tico em pl\u00e1stico ABS com articula\u00e7\u00e3o em diferentes \u00e2ngulos e rota\u00e7\u00e3o de 360 graus no pr\u00f3prio eixo. Possui superf\u00edcie [&hellip;]<\/p>\n","protected":false},"featured_media":245796,"comment_status":"open","ping_status":"closed","template":"","meta":[],"product_brand":[2878],"product_cat":[2713,2981],"product_tag":[],"class_list":{"0":"post-284617","1":"product","2":"type-product","3":"status-publish","4":"has-post-thumbnail","6":"product_brand-xbz","7":"product_cat-2713","8":"product_cat-para-celular","10":"first","11":"instock","12":"shipping-taxable","13":"purchasable","14":"product-type-simple"},"_links":{"self":[{"href":"https:\/\/ninja.encktemp.com.br\/speedbrindes\/wp-json\/wp\/v2\/product\/284617","targetHints":{"allow":["GET"]}}],"collection":[{"href":"https:\/\/ninja.encktemp.com.br\/speedbrindes\/wp-json\/wp\/v2\/product"}],"about":[{"href":"https:\/\/ninja.encktemp.com.br\/speedbrindes\/wp-json\/wp\/v2\/types\/product"}],"replies":[{"embeddable":true,"href":"https:\/\/ninja.encktemp.com.br\/speedbrindes\/wp-json\/wp\/v2\/comments?post=284617"}],"wp:featuredmedia":[{"embeddable":true,"href":"https:\/\/ninja.encktemp.com.br\/speedbrindes\/wp-json\/wp\/v2\/media\/245796"}],"wp:attachment":[{"href":"https:\/\/ninja.encktemp.com.br\/speedbrindes\/wp-json\/wp\/v2\/media?parent=284617"}],"wp:term":[{"taxonomy":"product_brand","embeddable":true,"href":"https:\/\/ninja.encktemp.com.br\/speedbrindes\/wp-json\/wp\/v2\/product_brand?post=284617"},{"taxonomy":"product_cat","embeddable":true,"href":"https:\/\/ninja.encktemp.com.br\/speedbrindes\/wp-json\/wp\/v2\/product_cat?post=284617"},{"taxonomy":"product_tag","embeddable":true,"href":"https:\/\/ninja.encktemp.com.br\/speedbrindes\/wp-json\/wp\/v2\/product_tag?post=284617"}],"curies":[{"name":"wp","href":"https:\/\/api.w.org\/{rel}","templated":true}]}}