{"id":284152,"date":"2025-12-14T22:44:16","date_gmt":"2025-12-15T01:44:16","guid":{"rendered":"https:\/\/ninja.encktemp.com.br\/speedbrindes\/product\/bolsa-termica-4l-4\/"},"modified":"2026-04-12T01:11:22","modified_gmt":"2026-04-12T04:11:22","slug":"bolsa-termica-4l-3","status":"publish","type":"product","link":"https:\/\/ninja.encktemp.com.br\/speedbrindes\/product\/bolsa-termica-4l-3\/","title":{"rendered":"BOLSA T\u00c9RMICA 4L"},"content":{"rendered":"","protected":false},"excerpt":{"rendered":"<p>Bolsa t\u00e9rmica confeccionada em rPET imperme\u00e1vel, com capacidade m\u00e1xima de 4 litros, revestimento t\u00e9rmico em folha de alum\u00ednio e al\u00e7a de m\u00e3o em nylon.<\/p>\n<p><strong>Altura:<\/strong> 26 cm<br \/>\n<strong>Largura:<\/strong> 16 cm<br \/>\n<strong>Comprimento:<\/strong> 8 cm<br \/>\n<strong>Peso aproximado (g):<\/strong> 31<\/p>\n","protected":false},"featured_media":299306,"comment_status":"open","ping_status":"closed","template":"","meta":[],"product_brand":[2878],"product_cat":[2897],"product_tag":[],"class_list":{"0":"post-284152","1":"product","2":"type-product","3":"status-publish","4":"has-post-thumbnail","6":"product_brand-xbz","7":"product_cat-mochilas-e-bolsas","9":"first","10":"instock","11":"shipping-taxable","12":"purchasable","13":"product-type-variable"},"_links":{"self":[{"href":"https:\/\/ninja.encktemp.com.br\/speedbrindes\/wp-json\/wp\/v2\/product\/284152","targetHints":{"allow":["GET"]}}],"collection":[{"href":"https:\/\/ninja.encktemp.com.br\/speedbrindes\/wp-json\/wp\/v2\/product"}],"about":[{"href":"https:\/\/ninja.encktemp.com.br\/speedbrindes\/wp-json\/wp\/v2\/types\/product"}],"replies":[{"embeddable":true,"href":"https:\/\/ninja.encktemp.com.br\/speedbrindes\/wp-json\/wp\/v2\/comments?post=284152"}],"wp:featuredmedia":[{"embeddable":true,"href":"https:\/\/ninja.encktemp.com.br\/speedbrindes\/wp-json\/wp\/v2\/media\/299306"}],"wp:attachment":[{"href":"https:\/\/ninja.encktemp.com.br\/speedbrindes\/wp-json\/wp\/v2\/media?parent=284152"}],"wp:term":[{"taxonomy":"product_brand","embeddable":true,"href":"https:\/\/ninja.encktemp.com.br\/speedbrindes\/wp-json\/wp\/v2\/product_brand?post=284152"},{"taxonomy":"product_cat","embeddable":true,"href":"https:\/\/ninja.encktemp.com.br\/speedbrindes\/wp-json\/wp\/v2\/product_cat?post=284152"},{"taxonomy":"product_tag","embeddable":true,"href":"https:\/\/ninja.encktemp.com.br\/speedbrindes\/wp-json\/wp\/v2\/product_tag?post=284152"}],"curies":[{"name":"wp","href":"https:\/\/api.w.org\/{rel}","templated":true}]}}