{"id":283830,"date":"2025-12-14T22:43:07","date_gmt":"2025-12-15T01:43:07","guid":{"rendered":"https:\/\/ninja.encktemp.com.br\/speedbrindes\/product\/fruta-de-vinil-2\/"},"modified":"2025-12-28T05:02:32","modified_gmt":"2025-12-28T08:02:32","slug":"fruta-de-vinil-2","status":"publish","type":"product","link":"https:\/\/ninja.encktemp.com.br\/speedbrindes\/product\/fruta-de-vinil-2\/","title":{"rendered":"FRUTA DE VINIL"},"content":{"rendered":"<p>Brinquedo em formato de fruta em vinil. Possui corda flex\u00edvel para uso como ioi\u00f4, luz interna e apito acion\u00e1veis quando o brinquedo \u00e9 pressionado.<\/p>\n","protected":false},"excerpt":{"rendered":"<p>Brinquedo em formato de fruta em vinil. Possui corda flex\u00edvel para uso como ioi\u00f4, luz interna e apito acion\u00e1veis quando [&hellip;]<\/p>\n","protected":false},"featured_media":299332,"comment_status":"open","ping_status":"closed","template":"","meta":[],"product_brand":[2878],"product_cat":[2713],"product_tag":[],"class_list":{"0":"post-283830","1":"product","2":"type-product","3":"status-publish","4":"has-post-thumbnail","6":"product_brand-xbz","7":"product_cat-2713","9":"first","10":"instock","11":"shipping-taxable","12":"purchasable","13":"product-type-simple"},"_links":{"self":[{"href":"https:\/\/ninja.encktemp.com.br\/speedbrindes\/wp-json\/wp\/v2\/product\/283830","targetHints":{"allow":["GET"]}}],"collection":[{"href":"https:\/\/ninja.encktemp.com.br\/speedbrindes\/wp-json\/wp\/v2\/product"}],"about":[{"href":"https:\/\/ninja.encktemp.com.br\/speedbrindes\/wp-json\/wp\/v2\/types\/product"}],"replies":[{"embeddable":true,"href":"https:\/\/ninja.encktemp.com.br\/speedbrindes\/wp-json\/wp\/v2\/comments?post=283830"}],"wp:featuredmedia":[{"embeddable":true,"href":"https:\/\/ninja.encktemp.com.br\/speedbrindes\/wp-json\/wp\/v2\/media\/299332"}],"wp:attachment":[{"href":"https:\/\/ninja.encktemp.com.br\/speedbrindes\/wp-json\/wp\/v2\/media?parent=283830"}],"wp:term":[{"taxonomy":"product_brand","embeddable":true,"href":"https:\/\/ninja.encktemp.com.br\/speedbrindes\/wp-json\/wp\/v2\/product_brand?post=283830"},{"taxonomy":"product_cat","embeddable":true,"href":"https:\/\/ninja.encktemp.com.br\/speedbrindes\/wp-json\/wp\/v2\/product_cat?post=283830"},{"taxonomy":"product_tag","embeddable":true,"href":"https:\/\/ninja.encktemp.com.br\/speedbrindes\/wp-json\/wp\/v2\/product_tag?post=283830"}],"curies":[{"name":"wp","href":"https:\/\/api.w.org\/{rel}","templated":true}]}}