{"id":283699,"date":"2025-12-14T22:42:39","date_gmt":"2025-12-15T01:42:39","guid":{"rendered":"https:\/\/ninja.encktemp.com.br\/speedbrindes\/product\/caminhonete-miniatura-2\/"},"modified":"2025-12-28T05:02:45","modified_gmt":"2025-12-28T08:02:45","slug":"caminhonete-miniatura-2","status":"publish","type":"product","link":"https:\/\/ninja.encktemp.com.br\/speedbrindes\/product\/caminhonete-miniatura-2\/","title":{"rendered":"CAMINHONETE MINIATURA"},"content":{"rendered":"<p>Caminhonete em miniatura com estrutura feita e metal em pl\u00e1stico. Conta com portas e cap\u00f4 com abertura funcional, al\u00e9m de mecanismo de fric\u00e7\u00e3o nas rodas traseiras.<\/p>\n","protected":false},"excerpt":{"rendered":"<p>Caminhonete em miniatura com estrutura feita e metal em pl\u00e1stico. Conta com portas e cap\u00f4 com abertura funcional, al\u00e9m de [&hellip;]<\/p>\n","protected":false},"featured_media":299342,"comment_status":"open","ping_status":"closed","template":"","meta":[],"product_brand":[2878],"product_cat":[2903],"product_tag":[],"class_list":{"0":"post-283699","1":"product","2":"type-product","3":"status-publish","4":"has-post-thumbnail","6":"product_brand-xbz","7":"product_cat-brinquedos-e-jogos","9":"first","10":"instock","11":"shipping-taxable","12":"purchasable","13":"product-type-simple"},"_links":{"self":[{"href":"https:\/\/ninja.encktemp.com.br\/speedbrindes\/wp-json\/wp\/v2\/product\/283699","targetHints":{"allow":["GET"]}}],"collection":[{"href":"https:\/\/ninja.encktemp.com.br\/speedbrindes\/wp-json\/wp\/v2\/product"}],"about":[{"href":"https:\/\/ninja.encktemp.com.br\/speedbrindes\/wp-json\/wp\/v2\/types\/product"}],"replies":[{"embeddable":true,"href":"https:\/\/ninja.encktemp.com.br\/speedbrindes\/wp-json\/wp\/v2\/comments?post=283699"}],"wp:featuredmedia":[{"embeddable":true,"href":"https:\/\/ninja.encktemp.com.br\/speedbrindes\/wp-json\/wp\/v2\/media\/299342"}],"wp:attachment":[{"href":"https:\/\/ninja.encktemp.com.br\/speedbrindes\/wp-json\/wp\/v2\/media?parent=283699"}],"wp:term":[{"taxonomy":"product_brand","embeddable":true,"href":"https:\/\/ninja.encktemp.com.br\/speedbrindes\/wp-json\/wp\/v2\/product_brand?post=283699"},{"taxonomy":"product_cat","embeddable":true,"href":"https:\/\/ninja.encktemp.com.br\/speedbrindes\/wp-json\/wp\/v2\/product_cat?post=283699"},{"taxonomy":"product_tag","embeddable":true,"href":"https:\/\/ninja.encktemp.com.br\/speedbrindes\/wp-json\/wp\/v2\/product_tag?post=283699"}],"curies":[{"name":"wp","href":"https:\/\/api.w.org\/{rel}","templated":true}]}}