{"id":282854,"date":"2025-12-14T22:39:28","date_gmt":"2025-12-15T01:39:28","guid":{"rendered":"https:\/\/ninja.encktemp.com.br\/speedbrindes\/product\/mochila-6\/"},"modified":"2026-04-12T01:03:53","modified_gmt":"2026-04-12T04:03:53","slug":"mochila-poliester-usb-26l","status":"publish","type":"product","link":"https:\/\/ninja.encktemp.com.br\/speedbrindes\/product\/mochila-poliester-usb-26l\/","title":{"rendered":"MOCHILA POLI\u00c9STER USB 26L"},"content":{"rendered":"","protected":false},"excerpt":{"rendered":"<p> Mochila confeccionada em poli\u00e9ster 300D refor\u00e7ado, com capacidade de at\u00e9 26 litros. Possui 5 compartimentos, sendo o principal com divis\u00f3ria interna para notebook de at\u00e9 15,6 polegadas e um compartimento t\u00e9rmico com revestimento interno em folha t\u00e9rmica aluminizada, ideal para manter a temperatura dos alimentos sempre frescos. Conta tamb\u00e9m com bolso antifurto nas costas e mais dois compartimentos de tamanhos diferentes para melhor organiza\u00e7\u00e3o. Possui dois bolsos laterais em malha com el\u00e1stico,<\/p>\n<p><strong>Altura:<\/strong> 42 cm<br \/>\n<strong>Largura:<\/strong> 30 cm<br \/>\n<strong>Comprimento:<\/strong> 10 cm<\/p>\n","protected":false},"featured_media":299409,"comment_status":"open","ping_status":"closed","template":"","meta":[],"product_brand":[2878],"product_cat":[764,1203,1208,2897],"product_tag":[],"class_list":{"0":"post-282854","1":"product","2":"type-product","3":"status-publish","4":"has-post-thumbnail","6":"product_brand-xbz","7":"product_cat-mochilas-malas-e-necessaires","8":"product_cat-mochilas-malas-pastas","9":"product_cat-mochilas-mochilas-malas-pastas","10":"product_cat-mochilas-e-bolsas","12":"first","13":"instock","14":"shipping-taxable","15":"purchasable","16":"product-type-variable"},"_links":{"self":[{"href":"https:\/\/ninja.encktemp.com.br\/speedbrindes\/wp-json\/wp\/v2\/product\/282854","targetHints":{"allow":["GET"]}}],"collection":[{"href":"https:\/\/ninja.encktemp.com.br\/speedbrindes\/wp-json\/wp\/v2\/product"}],"about":[{"href":"https:\/\/ninja.encktemp.com.br\/speedbrindes\/wp-json\/wp\/v2\/types\/product"}],"replies":[{"embeddable":true,"href":"https:\/\/ninja.encktemp.com.br\/speedbrindes\/wp-json\/wp\/v2\/comments?post=282854"}],"wp:featuredmedia":[{"embeddable":true,"href":"https:\/\/ninja.encktemp.com.br\/speedbrindes\/wp-json\/wp\/v2\/media\/299409"}],"wp:attachment":[{"href":"https:\/\/ninja.encktemp.com.br\/speedbrindes\/wp-json\/wp\/v2\/media?parent=282854"}],"wp:term":[{"taxonomy":"product_brand","embeddable":true,"href":"https:\/\/ninja.encktemp.com.br\/speedbrindes\/wp-json\/wp\/v2\/product_brand?post=282854"},{"taxonomy":"product_cat","embeddable":true,"href":"https:\/\/ninja.encktemp.com.br\/speedbrindes\/wp-json\/wp\/v2\/product_cat?post=282854"},{"taxonomy":"product_tag","embeddable":true,"href":"https:\/\/ninja.encktemp.com.br\/speedbrindes\/wp-json\/wp\/v2\/product_tag?post=282854"}],"curies":[{"name":"wp","href":"https:\/\/api.w.org\/{rel}","templated":true}]}}