{"id":282817,"date":"2025-12-14T22:39:22","date_gmt":"2025-12-15T01:39:22","guid":{"rendered":"https:\/\/ninja.encktemp.com.br\/speedbrindes\/product\/kit-de-treino-para-golfe-2\/"},"modified":"2025-12-28T05:04:30","modified_gmt":"2025-12-28T08:04:30","slug":"kit-de-treino-para-golfe-2","status":"publish","type":"product","link":"https:\/\/ninja.encktemp.com.br\/speedbrindes\/product\/kit-de-treino-para-golfe-2\/","title":{"rendered":"KIT DE TREINO PARA GOLFE"},"content":{"rendered":"<p>Kit para treino de golfe com quatro itens: taco mont\u00e1vel em metal, moldura de alvo em MDF em formato de buraco e duas bolinhas em material sint\u00e9tico. Acompanha estojo em couro sint\u00e9tico com fechamento em z\u00edper para acomodar o conjunto.<\/p>\n","protected":false},"excerpt":{"rendered":"<p>Kit para treino de golfe com quatro itens: taco mont\u00e1vel em metal, moldura de alvo em MDF em formato de [&hellip;]<\/p>\n","protected":false},"featured_media":299413,"comment_status":"open","ping_status":"closed","template":"","meta":[],"product_brand":[2878],"product_cat":[1174,2895],"product_tag":[],"class_list":{"0":"post-282817","1":"product","2":"type-product","3":"status-publish","4":"has-post-thumbnail","6":"product_brand-xbz","7":"product_cat-estojos","8":"product_cat-kits","10":"first","11":"instock","12":"shipping-taxable","13":"purchasable","14":"product-type-simple"},"_links":{"self":[{"href":"https:\/\/ninja.encktemp.com.br\/speedbrindes\/wp-json\/wp\/v2\/product\/282817","targetHints":{"allow":["GET"]}}],"collection":[{"href":"https:\/\/ninja.encktemp.com.br\/speedbrindes\/wp-json\/wp\/v2\/product"}],"about":[{"href":"https:\/\/ninja.encktemp.com.br\/speedbrindes\/wp-json\/wp\/v2\/types\/product"}],"replies":[{"embeddable":true,"href":"https:\/\/ninja.encktemp.com.br\/speedbrindes\/wp-json\/wp\/v2\/comments?post=282817"}],"wp:featuredmedia":[{"embeddable":true,"href":"https:\/\/ninja.encktemp.com.br\/speedbrindes\/wp-json\/wp\/v2\/media\/299413"}],"wp:attachment":[{"href":"https:\/\/ninja.encktemp.com.br\/speedbrindes\/wp-json\/wp\/v2\/media?parent=282817"}],"wp:term":[{"taxonomy":"product_brand","embeddable":true,"href":"https:\/\/ninja.encktemp.com.br\/speedbrindes\/wp-json\/wp\/v2\/product_brand?post=282817"},{"taxonomy":"product_cat","embeddable":true,"href":"https:\/\/ninja.encktemp.com.br\/speedbrindes\/wp-json\/wp\/v2\/product_cat?post=282817"},{"taxonomy":"product_tag","embeddable":true,"href":"https:\/\/ninja.encktemp.com.br\/speedbrindes\/wp-json\/wp\/v2\/product_tag?post=282817"}],"curies":[{"name":"wp","href":"https:\/\/api.w.org\/{rel}","templated":true}]}}