{"id":282692,"date":"2025-12-14T22:38:50","date_gmt":"2025-12-15T01:38:50","guid":{"rendered":"https:\/\/ninja.encktemp.com.br\/speedbrindes\/product\/mochila-couro-sintetico-26l-2\/"},"modified":"2026-04-12T01:05:20","modified_gmt":"2026-04-12T04:05:20","slug":"mochila-couro-sintetico-26l-2","status":"publish","type":"product","link":"https:\/\/ninja.encktemp.com.br\/speedbrindes\/product\/mochila-couro-sintetico-26l-2\/","title":{"rendered":"MOCHILA COURO SINT\u00c9TICO 26L"},"content":{"rendered":"","protected":false},"excerpt":{"rendered":"<p>Mochila em couro sint\u00e9tico imperme\u00e1vel com capacidade m\u00e1xima de 26 litros. Possui compartimento principal com divis\u00f3ria para notebook de at\u00e9 15,6 polegadas, al\u00e9m de dois compartimentos frontais em tamanhos diferentes, bolso lateral em malha com el\u00e1stico e suporte USB. Conta ainda com al\u00e7a de m\u00e3o e duas al\u00e7as para as costas com revestimento em tecido respir\u00e1vel.<\/p>\n<p><strong>Altura:<\/strong> 40 cm<br \/>\n<strong>Largura:<\/strong> 30 cm<br \/>\n<strong>Comprimento:<\/strong> 13 cm<\/p>\n","protected":false},"featured_media":299426,"comment_status":"open","ping_status":"closed","template":"","meta":[],"product_brand":[2878],"product_cat":[764,1203,1208,2897],"product_tag":[],"class_list":{"0":"post-282692","1":"product","2":"type-product","3":"status-publish","4":"has-post-thumbnail","6":"product_brand-xbz","7":"product_cat-mochilas-malas-e-necessaires","8":"product_cat-mochilas-malas-pastas","9":"product_cat-mochilas-mochilas-malas-pastas","10":"product_cat-mochilas-e-bolsas","12":"first","13":"instock","14":"shipping-taxable","15":"purchasable","16":"product-type-simple"},"_links":{"self":[{"href":"https:\/\/ninja.encktemp.com.br\/speedbrindes\/wp-json\/wp\/v2\/product\/282692","targetHints":{"allow":["GET"]}}],"collection":[{"href":"https:\/\/ninja.encktemp.com.br\/speedbrindes\/wp-json\/wp\/v2\/product"}],"about":[{"href":"https:\/\/ninja.encktemp.com.br\/speedbrindes\/wp-json\/wp\/v2\/types\/product"}],"replies":[{"embeddable":true,"href":"https:\/\/ninja.encktemp.com.br\/speedbrindes\/wp-json\/wp\/v2\/comments?post=282692"}],"wp:featuredmedia":[{"embeddable":true,"href":"https:\/\/ninja.encktemp.com.br\/speedbrindes\/wp-json\/wp\/v2\/media\/299426"}],"wp:attachment":[{"href":"https:\/\/ninja.encktemp.com.br\/speedbrindes\/wp-json\/wp\/v2\/media?parent=282692"}],"wp:term":[{"taxonomy":"product_brand","embeddable":true,"href":"https:\/\/ninja.encktemp.com.br\/speedbrindes\/wp-json\/wp\/v2\/product_brand?post=282692"},{"taxonomy":"product_cat","embeddable":true,"href":"https:\/\/ninja.encktemp.com.br\/speedbrindes\/wp-json\/wp\/v2\/product_cat?post=282692"},{"taxonomy":"product_tag","embeddable":true,"href":"https:\/\/ninja.encktemp.com.br\/speedbrindes\/wp-json\/wp\/v2\/product_tag?post=282692"}],"curies":[{"name":"wp","href":"https:\/\/api.w.org\/{rel}","templated":true}]}}