{"id":281930,"date":"2025-12-14T22:36:12","date_gmt":"2025-12-15T01:36:12","guid":{"rendered":"https:\/\/ninja.encktemp.com.br\/speedbrindes\/product\/kit-executivo-ecologico-3-pecas-6\/"},"modified":"2025-12-28T05:10:57","modified_gmt":"2025-12-28T08:10:57","slug":"kit-executivo-ecologico-3-pecas-6","status":"publish","type":"product","link":"https:\/\/ninja.encktemp.com.br\/speedbrindes\/product\/kit-executivo-ecologico-3-pecas-6\/","title":{"rendered":"KIT EXECUTIVO ECOL\u00d3GICO 3 PE\u00c7AS"},"content":{"rendered":"<p>Este kit \u00e9 a escolha perfeita para quem busca sustentabilidade no dia a dia. Ele inclui: um porta-cart\u00e3o com tampa de bambu e interior em metal brilhante, combinando resist\u00eancia e sofistica\u00e7\u00e3o um chaveiro girat\u00f3rio em metal com frente de bambu e verso espelhado, trazendo modernidade e uma caneta de bambu com clipe met\u00e1lico, acionamento por clique e carga esferogr\u00e1fica azul, pr\u00e1tica e estilosa. Todos os itens s\u00e3o cuidadosamente acomodados em um estojo de papel\u00e3o com tampa e interior de espuma, ideal para presentes ou para organizar seus itens com cuidado. Uma escolha que alia sustentabilidade, eleg\u00e2ncia e utilidade em um \u00fanico conjunto!<\/p>\n","protected":false},"excerpt":{"rendered":"<p>Este kit \u00e9 a escolha perfeita para quem busca sustentabilidade no dia a dia. Ele inclui: um porta-cart\u00e3o com tampa [&hellip;]<\/p>\n","protected":false},"featured_media":299459,"comment_status":"open","ping_status":"closed","template":"","meta":[],"product_brand":[2878],"product_cat":[1174,2895],"product_tag":[],"class_list":{"0":"post-281930","1":"product","2":"type-product","3":"status-publish","4":"has-post-thumbnail","6":"product_brand-xbz","7":"product_cat-estojos","8":"product_cat-kits","10":"first","11":"instock","12":"shipping-taxable","13":"purchasable","14":"product-type-simple"},"_links":{"self":[{"href":"https:\/\/ninja.encktemp.com.br\/speedbrindes\/wp-json\/wp\/v2\/product\/281930","targetHints":{"allow":["GET"]}}],"collection":[{"href":"https:\/\/ninja.encktemp.com.br\/speedbrindes\/wp-json\/wp\/v2\/product"}],"about":[{"href":"https:\/\/ninja.encktemp.com.br\/speedbrindes\/wp-json\/wp\/v2\/types\/product"}],"replies":[{"embeddable":true,"href":"https:\/\/ninja.encktemp.com.br\/speedbrindes\/wp-json\/wp\/v2\/comments?post=281930"}],"wp:featuredmedia":[{"embeddable":true,"href":"https:\/\/ninja.encktemp.com.br\/speedbrindes\/wp-json\/wp\/v2\/media\/299459"}],"wp:attachment":[{"href":"https:\/\/ninja.encktemp.com.br\/speedbrindes\/wp-json\/wp\/v2\/media?parent=281930"}],"wp:term":[{"taxonomy":"product_brand","embeddable":true,"href":"https:\/\/ninja.encktemp.com.br\/speedbrindes\/wp-json\/wp\/v2\/product_brand?post=281930"},{"taxonomy":"product_cat","embeddable":true,"href":"https:\/\/ninja.encktemp.com.br\/speedbrindes\/wp-json\/wp\/v2\/product_cat?post=281930"},{"taxonomy":"product_tag","embeddable":true,"href":"https:\/\/ninja.encktemp.com.br\/speedbrindes\/wp-json\/wp\/v2\/product_tag?post=281930"}],"curies":[{"name":"wp","href":"https:\/\/api.w.org\/{rel}","templated":true}]}}