{"id":281641,"date":"2025-12-14T22:35:07","date_gmt":"2025-12-15T01:35:07","guid":{"rendered":"https:\/\/ninja.encktemp.com.br\/speedbrindes\/product\/descanso-de-panela-cortica-4\/"},"modified":"2025-12-28T05:11:16","modified_gmt":"2025-12-28T08:11:16","slug":"descanso-de-panela-cortica-4","status":"publish","type":"product","link":"https:\/\/ninja.encktemp.com.br\/speedbrindes\/product\/descanso-de-panela-cortica-4\/","title":{"rendered":"DESCANSO DE PANELA CORTI\u00c7A"},"content":{"rendered":"<p>O descanso de panela serve para proteger mesas e outras superf\u00edcies do calor excessivo das panelas e assadeiras que acabaram de sair do forno ou fog\u00e3o. Feito em corti\u00e7a, um material leve, ecol\u00f3gico e que \u00e9 conhecida por sua durabilidade e resist\u00eancia ao calor, al\u00e9m de ter um design natural com um visual \u00fanico. Suas panelas n\u00e3o deixar\u00e3o mais nada marcado!<\/p>\n","protected":false},"excerpt":{"rendered":"<p>O descanso de panela serve para proteger mesas e outras superf\u00edcies do calor excessivo das panelas e assadeiras que acabaram [&hellip;]<\/p>\n","protected":false},"featured_media":300064,"comment_status":"open","ping_status":"closed","template":"","meta":[],"product_brand":[2878],"product_cat":[2901],"product_tag":[],"class_list":{"0":"post-281641","1":"product","2":"type-product","3":"status-publish","4":"has-post-thumbnail","6":"product_brand-xbz","7":"product_cat-casa-e-cozinha","9":"first","10":"instock","11":"shipping-taxable","12":"purchasable","13":"product-type-simple"},"_links":{"self":[{"href":"https:\/\/ninja.encktemp.com.br\/speedbrindes\/wp-json\/wp\/v2\/product\/281641","targetHints":{"allow":["GET"]}}],"collection":[{"href":"https:\/\/ninja.encktemp.com.br\/speedbrindes\/wp-json\/wp\/v2\/product"}],"about":[{"href":"https:\/\/ninja.encktemp.com.br\/speedbrindes\/wp-json\/wp\/v2\/types\/product"}],"replies":[{"embeddable":true,"href":"https:\/\/ninja.encktemp.com.br\/speedbrindes\/wp-json\/wp\/v2\/comments?post=281641"}],"wp:featuredmedia":[{"embeddable":true,"href":"https:\/\/ninja.encktemp.com.br\/speedbrindes\/wp-json\/wp\/v2\/media\/300064"}],"wp:attachment":[{"href":"https:\/\/ninja.encktemp.com.br\/speedbrindes\/wp-json\/wp\/v2\/media?parent=281641"}],"wp:term":[{"taxonomy":"product_brand","embeddable":true,"href":"https:\/\/ninja.encktemp.com.br\/speedbrindes\/wp-json\/wp\/v2\/product_brand?post=281641"},{"taxonomy":"product_cat","embeddable":true,"href":"https:\/\/ninja.encktemp.com.br\/speedbrindes\/wp-json\/wp\/v2\/product_cat?post=281641"},{"taxonomy":"product_tag","embeddable":true,"href":"https:\/\/ninja.encktemp.com.br\/speedbrindes\/wp-json\/wp\/v2\/product_tag?post=281641"}],"curies":[{"name":"wp","href":"https:\/\/api.w.org\/{rel}","templated":true}]}}