{"id":281468,"date":"2025-12-14T22:34:31","date_gmt":"2025-12-15T01:34:31","guid":{"rendered":"https:\/\/ninja.encktemp.com.br\/speedbrindes\/product\/porta-relogios-com-10-divisorias-2\/"},"modified":"2026-04-19T09:43:07","modified_gmt":"2026-04-19T12:43:07","slug":"porta-relogios-com-10-divisorias-2","status":"publish","type":"product","link":"https:\/\/ninja.encktemp.com.br\/speedbrindes\/product\/porta-relogios-com-10-divisorias-2\/","title":{"rendered":"PORTA-REL\u00d3GIOS COM 10 DIVIS\u00d3RIAS"},"content":{"rendered":"","protected":false},"excerpt":{"rendered":"<p>Porta-rel\u00f3gios com estrutura em MDF de acabamento liso, dobradi\u00e7as met\u00e1licas e revestimento interno em veludo. Conta com 10 divis\u00f3rias com almofadas remov\u00edveis, visor em vidro e trava de seguran\u00e7a em metal para fechamento da tampa.<\/p>\n<p><strong>Altura:<\/strong> 8 cm<br \/>\n<strong>Largura:<\/strong> 26.5 cm<br \/>\n<strong>Comprimento:<\/strong> 19.5 cm<br \/>\n<strong>Peso aproximado (g):<\/strong> 1100<\/p>\n","protected":false},"featured_media":246154,"comment_status":"open","ping_status":"closed","template":"","meta":[],"product_brand":[2878],"product_cat":[263,2906],"product_tag":[],"class_list":{"0":"post-281468","1":"product","2":"type-product","3":"status-publish","4":"has-post-thumbnail","6":"product_brand-xbz","7":"product_cat-relogios","8":"product_cat-eletronicos-e-acessorios","10":"first","11":"instock","12":"shipping-taxable","13":"purchasable","14":"product-type-simple"},"_links":{"self":[{"href":"https:\/\/ninja.encktemp.com.br\/speedbrindes\/wp-json\/wp\/v2\/product\/281468","targetHints":{"allow":["GET"]}}],"collection":[{"href":"https:\/\/ninja.encktemp.com.br\/speedbrindes\/wp-json\/wp\/v2\/product"}],"about":[{"href":"https:\/\/ninja.encktemp.com.br\/speedbrindes\/wp-json\/wp\/v2\/types\/product"}],"replies":[{"embeddable":true,"href":"https:\/\/ninja.encktemp.com.br\/speedbrindes\/wp-json\/wp\/v2\/comments?post=281468"}],"wp:featuredmedia":[{"embeddable":true,"href":"https:\/\/ninja.encktemp.com.br\/speedbrindes\/wp-json\/wp\/v2\/media\/246154"}],"wp:attachment":[{"href":"https:\/\/ninja.encktemp.com.br\/speedbrindes\/wp-json\/wp\/v2\/media?parent=281468"}],"wp:term":[{"taxonomy":"product_brand","embeddable":true,"href":"https:\/\/ninja.encktemp.com.br\/speedbrindes\/wp-json\/wp\/v2\/product_brand?post=281468"},{"taxonomy":"product_cat","embeddable":true,"href":"https:\/\/ninja.encktemp.com.br\/speedbrindes\/wp-json\/wp\/v2\/product_cat?post=281468"},{"taxonomy":"product_tag","embeddable":true,"href":"https:\/\/ninja.encktemp.com.br\/speedbrindes\/wp-json\/wp\/v2\/product_tag?post=281468"}],"curies":[{"name":"wp","href":"https:\/\/api.w.org\/{rel}","templated":true}]}}