{"id":280818,"date":"2025-12-14T22:32:03","date_gmt":"2025-12-15T01:32:03","guid":{"rendered":"https:\/\/ninja.encktemp.com.br\/speedbrindes\/product\/mouse-pad-carregador-2\/"},"modified":"2025-12-28T05:12:15","modified_gmt":"2025-12-28T08:12:15","slug":"mouse-pad-carregador-2","status":"publish","type":"product","link":"https:\/\/ninja.encktemp.com.br\/speedbrindes\/product\/mouse-pad-carregador-2\/","title":{"rendered":"MOUSE PAD CARREGADOR"},"content":{"rendered":"<p>Mouse pad com carregamento via indu\u00e7\u00e3o. Feito em neoprene com verso emborrachado antideslizante, este mouse pad oferece estabilidade e mais praticidade no dia a dia, gra\u00e7as \u00e0 sua base pl\u00e1stica com carregamento por indu\u00e7\u00e3o. Acompanha cabo USB V8.<\/p>\n","protected":false},"excerpt":{"rendered":"<p>Mouse pad com carregamento via indu\u00e7\u00e3o. Feito em neoprene com verso emborrachado antideslizante, este mouse pad oferece estabilidade e mais [&hellip;]<\/p>\n","protected":false},"featured_media":299527,"comment_status":"open","ping_status":"closed","template":"","meta":[],"product_brand":[2878],"product_cat":[2906],"product_tag":[],"class_list":{"0":"post-280818","1":"product","2":"type-product","3":"status-publish","4":"has-post-thumbnail","6":"product_brand-xbz","7":"product_cat-eletronicos-e-acessorios","9":"first","10":"instock","11":"shipping-taxable","12":"purchasable","13":"product-type-simple"},"_links":{"self":[{"href":"https:\/\/ninja.encktemp.com.br\/speedbrindes\/wp-json\/wp\/v2\/product\/280818","targetHints":{"allow":["GET"]}}],"collection":[{"href":"https:\/\/ninja.encktemp.com.br\/speedbrindes\/wp-json\/wp\/v2\/product"}],"about":[{"href":"https:\/\/ninja.encktemp.com.br\/speedbrindes\/wp-json\/wp\/v2\/types\/product"}],"replies":[{"embeddable":true,"href":"https:\/\/ninja.encktemp.com.br\/speedbrindes\/wp-json\/wp\/v2\/comments?post=280818"}],"wp:featuredmedia":[{"embeddable":true,"href":"https:\/\/ninja.encktemp.com.br\/speedbrindes\/wp-json\/wp\/v2\/media\/299527"}],"wp:attachment":[{"href":"https:\/\/ninja.encktemp.com.br\/speedbrindes\/wp-json\/wp\/v2\/media?parent=280818"}],"wp:term":[{"taxonomy":"product_brand","embeddable":true,"href":"https:\/\/ninja.encktemp.com.br\/speedbrindes\/wp-json\/wp\/v2\/product_brand?post=280818"},{"taxonomy":"product_cat","embeddable":true,"href":"https:\/\/ninja.encktemp.com.br\/speedbrindes\/wp-json\/wp\/v2\/product_cat?post=280818"},{"taxonomy":"product_tag","embeddable":true,"href":"https:\/\/ninja.encktemp.com.br\/speedbrindes\/wp-json\/wp\/v2\/product_tag?post=280818"}],"curies":[{"name":"wp","href":"https:\/\/api.w.org\/{rel}","templated":true}]}}