{"id":280439,"date":"2025-12-14T22:30:30","date_gmt":"2025-12-15T01:30:30","guid":{"rendered":"https:\/\/ninja.encktemp.com.br\/speedbrindes\/product\/kit-ferramentas-5-pecas-3\/"},"modified":"2025-12-28T05:13:00","modified_gmt":"2025-12-28T08:13:00","slug":"kit-ferramentas-5-pecas-3","status":"publish","type":"product","link":"https:\/\/ninja.encktemp.com.br\/speedbrindes\/product\/kit-ferramentas-5-pecas-3\/","title":{"rendered":"KIT FERRAMENTAS 5 PE\u00c7AS"},"content":{"rendered":"<p>Kit ferramentas 5 pe\u00e7as em estojo pl\u00e1stico com trava de seguran\u00e7a. Cont\u00e9m Uma chave phillips, uma chave de fenda, uma chave teste, um estilete e uma fita isolante.<\/p>\n","protected":false},"excerpt":{"rendered":"<p>Kit ferramentas 5 pe\u00e7as em estojo pl\u00e1stico com trava de seguran\u00e7a. Cont\u00e9m Uma chave phillips, uma chave de fenda, uma [&hellip;]<\/p>\n","protected":false},"featured_media":299568,"comment_status":"open","ping_status":"closed","template":"","meta":[],"product_brand":[2878],"product_cat":[505,506,1174,1975,2895],"product_tag":[],"class_list":{"0":"post-280439","1":"product","2":"type-product","3":"status-publish","4":"has-post-thumbnail","6":"product_brand-xbz","7":"product_cat-kit-de-ferramentas-personalizado","8":"product_cat-kit-de-ferramentas-personalizado-pessoal","9":"product_cat-estojos","10":"product_cat-ferramentas","11":"product_cat-kits","13":"first","14":"instock","15":"shipping-taxable","16":"purchasable","17":"product-type-simple"},"_links":{"self":[{"href":"https:\/\/ninja.encktemp.com.br\/speedbrindes\/wp-json\/wp\/v2\/product\/280439","targetHints":{"allow":["GET"]}}],"collection":[{"href":"https:\/\/ninja.encktemp.com.br\/speedbrindes\/wp-json\/wp\/v2\/product"}],"about":[{"href":"https:\/\/ninja.encktemp.com.br\/speedbrindes\/wp-json\/wp\/v2\/types\/product"}],"replies":[{"embeddable":true,"href":"https:\/\/ninja.encktemp.com.br\/speedbrindes\/wp-json\/wp\/v2\/comments?post=280439"}],"wp:featuredmedia":[{"embeddable":true,"href":"https:\/\/ninja.encktemp.com.br\/speedbrindes\/wp-json\/wp\/v2\/media\/299568"}],"wp:attachment":[{"href":"https:\/\/ninja.encktemp.com.br\/speedbrindes\/wp-json\/wp\/v2\/media?parent=280439"}],"wp:term":[{"taxonomy":"product_brand","embeddable":true,"href":"https:\/\/ninja.encktemp.com.br\/speedbrindes\/wp-json\/wp\/v2\/product_brand?post=280439"},{"taxonomy":"product_cat","embeddable":true,"href":"https:\/\/ninja.encktemp.com.br\/speedbrindes\/wp-json\/wp\/v2\/product_cat?post=280439"},{"taxonomy":"product_tag","embeddable":true,"href":"https:\/\/ninja.encktemp.com.br\/speedbrindes\/wp-json\/wp\/v2\/product_tag?post=280439"}],"curies":[{"name":"wp","href":"https:\/\/api.w.org\/{rel}","templated":true}]}}