{"id":279584,"date":"2025-12-14T22:27:25","date_gmt":"2025-12-15T01:27:25","guid":{"rendered":"https:\/\/ninja.encktemp.com.br\/speedbrindes\/product\/lanterna-metal-recarregavel-usb-v8-2\/"},"modified":"2025-12-28T05:13:43","modified_gmt":"2025-12-28T08:13:43","slug":"lanterna-metal-recarregavel-usb-v8-2","status":"publish","type":"product","link":"https:\/\/ninja.encktemp.com.br\/speedbrindes\/product\/lanterna-metal-recarregavel-usb-v8-2\/","title":{"rendered":"LANTERNA METAL RECARREG\u00c1VEL &#8220;USB-V8&#8221;"},"content":{"rendered":"<p>Lanterna led recarreg\u00e1vel com zoom de regulagem e tr\u00eas est\u00e1gios de ilumina\u00e7\u00e3o, material met\u00e1lico. Acompanha cord\u00e3o de nylon e cabo USB-V8.<\/p>\n","protected":false},"excerpt":{"rendered":"<p>Lanterna led recarreg\u00e1vel com zoom de regulagem e tr\u00eas est\u00e1gios de ilumina\u00e7\u00e3o, material met\u00e1lico. Acompanha cord\u00e3o de nylon e cabo [&hellip;]<\/p>\n","protected":false},"featured_media":299604,"comment_status":"open","ping_status":"closed","template":"","meta":[],"product_brand":[2878],"product_cat":[1975],"product_tag":[],"class_list":{"0":"post-279584","1":"product","2":"type-product","3":"status-publish","4":"has-post-thumbnail","6":"product_brand-xbz","7":"product_cat-ferramentas","9":"first","10":"instock","11":"shipping-taxable","12":"purchasable","13":"product-type-simple"},"_links":{"self":[{"href":"https:\/\/ninja.encktemp.com.br\/speedbrindes\/wp-json\/wp\/v2\/product\/279584","targetHints":{"allow":["GET"]}}],"collection":[{"href":"https:\/\/ninja.encktemp.com.br\/speedbrindes\/wp-json\/wp\/v2\/product"}],"about":[{"href":"https:\/\/ninja.encktemp.com.br\/speedbrindes\/wp-json\/wp\/v2\/types\/product"}],"replies":[{"embeddable":true,"href":"https:\/\/ninja.encktemp.com.br\/speedbrindes\/wp-json\/wp\/v2\/comments?post=279584"}],"wp:featuredmedia":[{"embeddable":true,"href":"https:\/\/ninja.encktemp.com.br\/speedbrindes\/wp-json\/wp\/v2\/media\/299604"}],"wp:attachment":[{"href":"https:\/\/ninja.encktemp.com.br\/speedbrindes\/wp-json\/wp\/v2\/media?parent=279584"}],"wp:term":[{"taxonomy":"product_brand","embeddable":true,"href":"https:\/\/ninja.encktemp.com.br\/speedbrindes\/wp-json\/wp\/v2\/product_brand?post=279584"},{"taxonomy":"product_cat","embeddable":true,"href":"https:\/\/ninja.encktemp.com.br\/speedbrindes\/wp-json\/wp\/v2\/product_cat?post=279584"},{"taxonomy":"product_tag","embeddable":true,"href":"https:\/\/ninja.encktemp.com.br\/speedbrindes\/wp-json\/wp\/v2\/product_tag?post=279584"}],"curies":[{"name":"wp","href":"https:\/\/api.w.org\/{rel}","templated":true}]}}