{"id":279244,"date":"2025-12-14T22:26:12","date_gmt":"2025-12-15T01:26:12","guid":{"rendered":"https:\/\/ninja.encktemp.com.br\/speedbrindes\/product\/chaveiro-abridor-madeira-2\/"},"modified":"2025-12-28T05:14:01","modified_gmt":"2025-12-28T08:14:01","slug":"chaveiro-abridor-madeira-2","status":"publish","type":"product","link":"https:\/\/ninja.encktemp.com.br\/speedbrindes\/product\/chaveiro-abridor-madeira-2\/","title":{"rendered":"CHAVEIRO ABRIDOR MADEIRA"},"content":{"rendered":"<p>Este chaveiro \u00e9 uma \u00f3tima op\u00e7\u00e3o pr\u00e1tica e multiuso. Com argola em metal e corpo feito de madeira, ele apresenta uma abertura que abriga um abridor de garrafas tamb\u00e9m em metal, excelente para ter sempre \u00e0 m\u00e3o na hora de abrir refrigerantes ou cervejas em festas, churrascos, happy hours ou durante aquela refei\u00e7\u00e3o com a fam\u00edlia ou os amigos.<\/p>\n","protected":false},"excerpt":{"rendered":"<p>Este chaveiro \u00e9 uma \u00f3tima op\u00e7\u00e3o pr\u00e1tica e multiuso. Com argola em metal e corpo feito de madeira, ele apresenta [&hellip;]<\/p>\n","protected":false},"featured_media":299619,"comment_status":"open","ping_status":"closed","template":"","meta":[],"product_brand":[2878],"product_cat":[2901],"product_tag":[],"class_list":{"0":"post-279244","1":"product","2":"type-product","3":"status-publish","4":"has-post-thumbnail","6":"product_brand-xbz","7":"product_cat-casa-e-cozinha","9":"first","10":"instock","11":"shipping-taxable","12":"purchasable","13":"product-type-simple"},"_links":{"self":[{"href":"https:\/\/ninja.encktemp.com.br\/speedbrindes\/wp-json\/wp\/v2\/product\/279244","targetHints":{"allow":["GET"]}}],"collection":[{"href":"https:\/\/ninja.encktemp.com.br\/speedbrindes\/wp-json\/wp\/v2\/product"}],"about":[{"href":"https:\/\/ninja.encktemp.com.br\/speedbrindes\/wp-json\/wp\/v2\/types\/product"}],"replies":[{"embeddable":true,"href":"https:\/\/ninja.encktemp.com.br\/speedbrindes\/wp-json\/wp\/v2\/comments?post=279244"}],"wp:featuredmedia":[{"embeddable":true,"href":"https:\/\/ninja.encktemp.com.br\/speedbrindes\/wp-json\/wp\/v2\/media\/299619"}],"wp:attachment":[{"href":"https:\/\/ninja.encktemp.com.br\/speedbrindes\/wp-json\/wp\/v2\/media?parent=279244"}],"wp:term":[{"taxonomy":"product_brand","embeddable":true,"href":"https:\/\/ninja.encktemp.com.br\/speedbrindes\/wp-json\/wp\/v2\/product_brand?post=279244"},{"taxonomy":"product_cat","embeddable":true,"href":"https:\/\/ninja.encktemp.com.br\/speedbrindes\/wp-json\/wp\/v2\/product_cat?post=279244"},{"taxonomy":"product_tag","embeddable":true,"href":"https:\/\/ninja.encktemp.com.br\/speedbrindes\/wp-json\/wp\/v2\/product_tag?post=279244"}],"curies":[{"name":"wp","href":"https:\/\/api.w.org\/{rel}","templated":true}]}}