{"id":279029,"date":"2025-12-14T22:25:28","date_gmt":"2025-12-15T01:25:28","guid":{"rendered":"https:\/\/ninja.encktemp.com.br\/speedbrindes\/product\/adaptador-lightining-2\/"},"modified":"2025-12-28T05:14:10","modified_gmt":"2025-12-28T08:14:10","slug":"adaptador-lightining-2","status":"publish","type":"product","link":"https:\/\/ninja.encktemp.com.br\/speedbrindes\/product\/adaptador-lightining-2\/","title":{"rendered":"ADAPTADOR LIGHTINING"},"content":{"rendered":"<p>O adaptador Lightning com entrada v8, serve para conectar dispositivos que t\u00eam uma porta Lightning, ou seja, em iPhones e iPads. Ideal para conectar seus dispositivos com facilidade e simplicidade. Dessa forma, voc\u00ea pode carreg\u00e1-los e at\u00e9 mesmo transferir dados em apenas alguns passos e de maneira segura e confi\u00e1vel.<\/p>\n","protected":false},"excerpt":{"rendered":"<p>O adaptador Lightning com entrada v8, serve para conectar dispositivos que t\u00eam uma porta Lightning, ou seja, em iPhones e [&hellip;]<\/p>\n","protected":false},"featured_media":301732,"comment_status":"open","ping_status":"closed","template":"","meta":[],"product_brand":[2878],"product_cat":[2713],"product_tag":[],"class_list":{"0":"post-279029","1":"product","2":"type-product","3":"status-publish","4":"has-post-thumbnail","6":"product_brand-xbz","7":"product_cat-2713","9":"first","10":"instock","11":"shipping-taxable","12":"purchasable","13":"product-type-simple"},"_links":{"self":[{"href":"https:\/\/ninja.encktemp.com.br\/speedbrindes\/wp-json\/wp\/v2\/product\/279029","targetHints":{"allow":["GET"]}}],"collection":[{"href":"https:\/\/ninja.encktemp.com.br\/speedbrindes\/wp-json\/wp\/v2\/product"}],"about":[{"href":"https:\/\/ninja.encktemp.com.br\/speedbrindes\/wp-json\/wp\/v2\/types\/product"}],"replies":[{"embeddable":true,"href":"https:\/\/ninja.encktemp.com.br\/speedbrindes\/wp-json\/wp\/v2\/comments?post=279029"}],"wp:featuredmedia":[{"embeddable":true,"href":"https:\/\/ninja.encktemp.com.br\/speedbrindes\/wp-json\/wp\/v2\/media\/301732"}],"wp:attachment":[{"href":"https:\/\/ninja.encktemp.com.br\/speedbrindes\/wp-json\/wp\/v2\/media?parent=279029"}],"wp:term":[{"taxonomy":"product_brand","embeddable":true,"href":"https:\/\/ninja.encktemp.com.br\/speedbrindes\/wp-json\/wp\/v2\/product_brand?post=279029"},{"taxonomy":"product_cat","embeddable":true,"href":"https:\/\/ninja.encktemp.com.br\/speedbrindes\/wp-json\/wp\/v2\/product_cat?post=279029"},{"taxonomy":"product_tag","embeddable":true,"href":"https:\/\/ninja.encktemp.com.br\/speedbrindes\/wp-json\/wp\/v2\/product_tag?post=279029"}],"curies":[{"name":"wp","href":"https:\/\/api.w.org\/{rel}","templated":true}]}}