{"id":277452,"date":"2025-12-14T22:19:48","date_gmt":"2025-12-15T01:19:48","guid":{"rendered":"https:\/\/ninja.encktemp.com.br\/speedbrindes\/product\/porta-joias-65\/"},"modified":"2025-12-28T05:16:06","modified_gmt":"2025-12-28T08:16:06","slug":"porta-joias-65","status":"publish","type":"product","link":"https:\/\/ninja.encktemp.com.br\/speedbrindes\/product\/porta-joias-65\/","title":{"rendered":"PORTA-JOIAS"},"content":{"rendered":"<p>Maleta porta-joias com revestimento aveludado e al\u00e7a com bot\u00e3o magn\u00e9tico para fechamento. Possui espelho interno em formato retangular e compartimento remov\u00edvel com tr\u00eas divis\u00f3rias, uma delas com almofadas fixas para an\u00e9is e brincos.<\/p>\n","protected":false},"excerpt":{"rendered":"<p>Maleta porta-joias com revestimento aveludado e al\u00e7a com bot\u00e3o magn\u00e9tico para fechamento. Possui espelho interno em formato retangular e compartimento [&hellip;]<\/p>\n","protected":false},"featured_media":245507,"comment_status":"open","ping_status":"closed","template":"","meta":[],"product_brand":[2878],"product_cat":[2236,2904],"product_tag":[],"class_list":{"0":"post-277452","1":"product","2":"type-product","3":"status-publish","4":"has-post-thumbnail","6":"product_brand-xbz","7":"product_cat-espelhos-e-escovas","8":"product_cat-cuidados-pessoais","10":"first","11":"instock","12":"shipping-taxable","13":"purchasable","14":"product-type-simple"},"_links":{"self":[{"href":"https:\/\/ninja.encktemp.com.br\/speedbrindes\/wp-json\/wp\/v2\/product\/277452","targetHints":{"allow":["GET"]}}],"collection":[{"href":"https:\/\/ninja.encktemp.com.br\/speedbrindes\/wp-json\/wp\/v2\/product"}],"about":[{"href":"https:\/\/ninja.encktemp.com.br\/speedbrindes\/wp-json\/wp\/v2\/types\/product"}],"replies":[{"embeddable":true,"href":"https:\/\/ninja.encktemp.com.br\/speedbrindes\/wp-json\/wp\/v2\/comments?post=277452"}],"wp:featuredmedia":[{"embeddable":true,"href":"https:\/\/ninja.encktemp.com.br\/speedbrindes\/wp-json\/wp\/v2\/media\/245507"}],"wp:attachment":[{"href":"https:\/\/ninja.encktemp.com.br\/speedbrindes\/wp-json\/wp\/v2\/media?parent=277452"}],"wp:term":[{"taxonomy":"product_brand","embeddable":true,"href":"https:\/\/ninja.encktemp.com.br\/speedbrindes\/wp-json\/wp\/v2\/product_brand?post=277452"},{"taxonomy":"product_cat","embeddable":true,"href":"https:\/\/ninja.encktemp.com.br\/speedbrindes\/wp-json\/wp\/v2\/product_cat?post=277452"},{"taxonomy":"product_tag","embeddable":true,"href":"https:\/\/ninja.encktemp.com.br\/speedbrindes\/wp-json\/wp\/v2\/product_tag?post=277452"}],"curies":[{"name":"wp","href":"https:\/\/api.w.org\/{rel}","templated":true}]}}