{"id":276616,"date":"2025-12-14T22:16:35","date_gmt":"2025-12-15T01:16:35","guid":{"rendered":"https:\/\/ninja.encktemp.com.br\/speedbrindes\/product\/mochila-em-nylon-3\/"},"modified":"2025-12-28T05:17:11","modified_gmt":"2025-12-28T08:17:11","slug":"mochila-em-nylon-3","status":"publish","type":"product","link":"https:\/\/ninja.encktemp.com.br\/speedbrindes\/product\/mochila-em-nylon-3\/","title":{"rendered":"MOCHILA EM NYLON"},"content":{"rendered":"<p>Mochila de nylon com compartimento para notebook. Dois compartimentos grandes, sendo o primeiro com bolso interno para notebook e compartimento frontal com z\u00edper escondido. Z\u00edperes preto com pegadores pl\u00e1sticos, al\u00e7a superior, al\u00e7as para costa ajust\u00e1veis revestidas com espuma para maior conforto.<\/p>\n","protected":false},"excerpt":{"rendered":"<p>Mochila de nylon com compartimento para notebook. Dois compartimentos grandes, sendo o primeiro com bolso interno para notebook e compartimento [&hellip;]<\/p>\n","protected":false},"featured_media":300290,"comment_status":"open","ping_status":"closed","template":"","meta":[],"product_brand":[2878],"product_cat":[764,1203,1208,2897],"product_tag":[],"class_list":{"0":"post-276616","1":"product","2":"type-product","3":"status-publish","4":"has-post-thumbnail","6":"product_brand-xbz","7":"product_cat-mochilas-malas-e-necessaires","8":"product_cat-mochilas-malas-pastas","9":"product_cat-mochilas-mochilas-malas-pastas","10":"product_cat-mochilas-e-bolsas","12":"first","13":"instock","14":"shipping-taxable","15":"purchasable","16":"product-type-simple"},"_links":{"self":[{"href":"https:\/\/ninja.encktemp.com.br\/speedbrindes\/wp-json\/wp\/v2\/product\/276616","targetHints":{"allow":["GET"]}}],"collection":[{"href":"https:\/\/ninja.encktemp.com.br\/speedbrindes\/wp-json\/wp\/v2\/product"}],"about":[{"href":"https:\/\/ninja.encktemp.com.br\/speedbrindes\/wp-json\/wp\/v2\/types\/product"}],"replies":[{"embeddable":true,"href":"https:\/\/ninja.encktemp.com.br\/speedbrindes\/wp-json\/wp\/v2\/comments?post=276616"}],"wp:featuredmedia":[{"embeddable":true,"href":"https:\/\/ninja.encktemp.com.br\/speedbrindes\/wp-json\/wp\/v2\/media\/300290"}],"wp:attachment":[{"href":"https:\/\/ninja.encktemp.com.br\/speedbrindes\/wp-json\/wp\/v2\/media?parent=276616"}],"wp:term":[{"taxonomy":"product_brand","embeddable":true,"href":"https:\/\/ninja.encktemp.com.br\/speedbrindes\/wp-json\/wp\/v2\/product_brand?post=276616"},{"taxonomy":"product_cat","embeddable":true,"href":"https:\/\/ninja.encktemp.com.br\/speedbrindes\/wp-json\/wp\/v2\/product_cat?post=276616"},{"taxonomy":"product_tag","embeddable":true,"href":"https:\/\/ninja.encktemp.com.br\/speedbrindes\/wp-json\/wp\/v2\/product_tag?post=276616"}],"curies":[{"name":"wp","href":"https:\/\/api.w.org\/{rel}","templated":true}]}}