{"id":274877,"date":"2025-12-14T22:10:35","date_gmt":"2025-12-15T01:10:35","guid":{"rendered":"https:\/\/ninja.encktemp.com.br\/speedbrindes\/product\/jogo-de-xadrez-de-vidro-2\/"},"modified":"2025-12-28T05:19:23","modified_gmt":"2025-12-28T08:19:23","slug":"jogo-de-xadrez-de-vidro-2","status":"publish","type":"product","link":"https:\/\/ninja.encktemp.com.br\/speedbrindes\/product\/jogo-de-xadrez-de-vidro-2\/","title":{"rendered":"JOGO DE XADREZ DE VIDRO"},"content":{"rendered":"<p>Jogo de Xadrez com tabuleiro e pe\u00e7as em vidro com acabamento fosco e transparente. Acompanha cartela de adesivos de feltro para fixa\u00e7\u00e3o na base das pe\u00e7as.<\/p>\n","protected":false},"excerpt":{"rendered":"<p>Jogo de Xadrez com tabuleiro e pe\u00e7as em vidro com acabamento fosco e transparente. Acompanha cartela de adesivos de feltro [&hellip;]<\/p>\n","protected":false},"featured_media":300356,"comment_status":"open","ping_status":"closed","template":"","meta":[],"product_brand":[2878],"product_cat":[2713],"product_tag":[],"class_list":{"0":"post-274877","1":"product","2":"type-product","3":"status-publish","4":"has-post-thumbnail","6":"product_brand-xbz","7":"product_cat-2713","9":"first","10":"instock","11":"shipping-taxable","12":"purchasable","13":"product-type-simple"},"_links":{"self":[{"href":"https:\/\/ninja.encktemp.com.br\/speedbrindes\/wp-json\/wp\/v2\/product\/274877","targetHints":{"allow":["GET"]}}],"collection":[{"href":"https:\/\/ninja.encktemp.com.br\/speedbrindes\/wp-json\/wp\/v2\/product"}],"about":[{"href":"https:\/\/ninja.encktemp.com.br\/speedbrindes\/wp-json\/wp\/v2\/types\/product"}],"replies":[{"embeddable":true,"href":"https:\/\/ninja.encktemp.com.br\/speedbrindes\/wp-json\/wp\/v2\/comments?post=274877"}],"wp:featuredmedia":[{"embeddable":true,"href":"https:\/\/ninja.encktemp.com.br\/speedbrindes\/wp-json\/wp\/v2\/media\/300356"}],"wp:attachment":[{"href":"https:\/\/ninja.encktemp.com.br\/speedbrindes\/wp-json\/wp\/v2\/media?parent=274877"}],"wp:term":[{"taxonomy":"product_brand","embeddable":true,"href":"https:\/\/ninja.encktemp.com.br\/speedbrindes\/wp-json\/wp\/v2\/product_brand?post=274877"},{"taxonomy":"product_cat","embeddable":true,"href":"https:\/\/ninja.encktemp.com.br\/speedbrindes\/wp-json\/wp\/v2\/product_cat?post=274877"},{"taxonomy":"product_tag","embeddable":true,"href":"https:\/\/ninja.encktemp.com.br\/speedbrindes\/wp-json\/wp\/v2\/product_tag?post=274877"}],"curies":[{"name":"wp","href":"https:\/\/api.w.org\/{rel}","templated":true}]}}