{"id":274549,"date":"2025-12-14T21:36:59","date_gmt":"2025-12-15T00:36:59","guid":{"rendered":"https:\/\/ninja.encktemp.com.br\/speedbrindes\/product\/bolsa-de-ombro-poliester-pvc-mescla\/"},"modified":"2025-12-28T05:19:55","modified_gmt":"2025-12-28T08:19:55","slug":"bolsa-de-ombro-poliester-pvc-mescla","status":"publish","type":"product","link":"https:\/\/ninja.encktemp.com.br\/speedbrindes\/product\/bolsa-de-ombro-poliester-pvc-mescla\/","title":{"rendered":"BOLSA DE OMBRO POLI\u00c9STER PVC MESCLA"},"content":{"rendered":"<p>Bolsa de ombro resistente \u00e0 \u00e1gua, confeccionada em poli\u00e9ster mesclado com PVC, com fechamento em z\u00edper e al\u00e7a ajust\u00e1vel. Possui divis\u00f3ria em tela de nylon no compartimento interno e um bolso frontal para a organiza\u00e7\u00e3o de objetos.<\/p>\n","protected":false},"excerpt":{"rendered":"<p>Bolsa de ombro resistente \u00e0 \u00e1gua, confeccionada em poli\u00e9ster mesclado com PVC, com fechamento em z\u00edper e al\u00e7a ajust\u00e1vel. Possui [&hellip;]<\/p>\n","protected":false},"featured_media":245565,"comment_status":"open","ping_status":"closed","template":"","meta":[],"product_brand":[2878],"product_cat":[2897],"product_tag":[],"class_list":{"0":"post-274549","1":"product","2":"type-product","3":"status-publish","4":"has-post-thumbnail","6":"product_brand-xbz","7":"product_cat-mochilas-e-bolsas","9":"first","10":"instock","11":"shipping-taxable","12":"purchasable","13":"product-type-variable"},"_links":{"self":[{"href":"https:\/\/ninja.encktemp.com.br\/speedbrindes\/wp-json\/wp\/v2\/product\/274549","targetHints":{"allow":["GET"]}}],"collection":[{"href":"https:\/\/ninja.encktemp.com.br\/speedbrindes\/wp-json\/wp\/v2\/product"}],"about":[{"href":"https:\/\/ninja.encktemp.com.br\/speedbrindes\/wp-json\/wp\/v2\/types\/product"}],"replies":[{"embeddable":true,"href":"https:\/\/ninja.encktemp.com.br\/speedbrindes\/wp-json\/wp\/v2\/comments?post=274549"}],"wp:featuredmedia":[{"embeddable":true,"href":"https:\/\/ninja.encktemp.com.br\/speedbrindes\/wp-json\/wp\/v2\/media\/245565"}],"wp:attachment":[{"href":"https:\/\/ninja.encktemp.com.br\/speedbrindes\/wp-json\/wp\/v2\/media?parent=274549"}],"wp:term":[{"taxonomy":"product_brand","embeddable":true,"href":"https:\/\/ninja.encktemp.com.br\/speedbrindes\/wp-json\/wp\/v2\/product_brand?post=274549"},{"taxonomy":"product_cat","embeddable":true,"href":"https:\/\/ninja.encktemp.com.br\/speedbrindes\/wp-json\/wp\/v2\/product_cat?post=274549"},{"taxonomy":"product_tag","embeddable":true,"href":"https:\/\/ninja.encktemp.com.br\/speedbrindes\/wp-json\/wp\/v2\/product_tag?post=274549"}],"curies":[{"name":"wp","href":"https:\/\/api.w.org\/{rel}","templated":true}]}}