{"id":274371,"date":"2025-12-14T21:36:23","date_gmt":"2025-12-15T00:36:23","guid":{"rendered":"https:\/\/ninja.encktemp.com.br\/speedbrindes\/product\/mochila-nylon-oxford-14l\/"},"modified":"2026-04-08T03:50:55","modified_gmt":"2026-04-08T06:50:55","slug":"mochila-nylon-oxford-14l","status":"publish","type":"product","link":"https:\/\/ninja.encktemp.com.br\/speedbrindes\/product\/mochila-nylon-oxford-14l\/","title":{"rendered":"MOCHILA NYLON OXFORD 14L"},"content":{"rendered":"<p>Mochila confeccionada em nylon Oxford imperme\u00e1vel, com fechamento em z\u00edper, puxadores com detalhes em nylon e pl\u00e1stico e capacidade de at\u00e9 14 litros. Possui compartimento interno principal com bolsos de tamanhos variados e divis\u00f3ria para notebooks de ate 15,6 polegadas. Possui tr\u00eas compartimentos externos, um deles com abertura lateral. Disp\u00f5e tamb\u00e9m de bolso lateral, porta USB, al\u00e7a de m\u00e3o em poli\u00e9ster 210D e al\u00e7as para as costas em tecido respir\u00e1vel.<\/p>\n","protected":false},"excerpt":{"rendered":"<p>Mochila confeccionada em nylon Oxford imperme\u00e1vel, com fechamento em z\u00edper, puxadores com detalhes em nylon e pl\u00e1stico e capacidade de [&hellip;]<\/p>\n","protected":false},"featured_media":245979,"comment_status":"open","ping_status":"closed","template":"","meta":[],"product_brand":[2878],"product_cat":[764,1203,1208,2897],"product_tag":[],"class_list":{"0":"post-274371","1":"product","2":"type-product","3":"status-publish","4":"has-post-thumbnail","6":"product_brand-xbz","7":"product_cat-mochilas-malas-e-necessaires","8":"product_cat-mochilas-malas-pastas","9":"product_cat-mochilas-mochilas-malas-pastas","10":"product_cat-mochilas-e-bolsas","12":"first","13":"instock","14":"shipping-taxable","15":"purchasable","16":"product-type-variable"},"_links":{"self":[{"href":"https:\/\/ninja.encktemp.com.br\/speedbrindes\/wp-json\/wp\/v2\/product\/274371","targetHints":{"allow":["GET"]}}],"collection":[{"href":"https:\/\/ninja.encktemp.com.br\/speedbrindes\/wp-json\/wp\/v2\/product"}],"about":[{"href":"https:\/\/ninja.encktemp.com.br\/speedbrindes\/wp-json\/wp\/v2\/types\/product"}],"replies":[{"embeddable":true,"href":"https:\/\/ninja.encktemp.com.br\/speedbrindes\/wp-json\/wp\/v2\/comments?post=274371"}],"wp:featuredmedia":[{"embeddable":true,"href":"https:\/\/ninja.encktemp.com.br\/speedbrindes\/wp-json\/wp\/v2\/media\/245979"}],"wp:attachment":[{"href":"https:\/\/ninja.encktemp.com.br\/speedbrindes\/wp-json\/wp\/v2\/media?parent=274371"}],"wp:term":[{"taxonomy":"product_brand","embeddable":true,"href":"https:\/\/ninja.encktemp.com.br\/speedbrindes\/wp-json\/wp\/v2\/product_brand?post=274371"},{"taxonomy":"product_cat","embeddable":true,"href":"https:\/\/ninja.encktemp.com.br\/speedbrindes\/wp-json\/wp\/v2\/product_cat?post=274371"},{"taxonomy":"product_tag","embeddable":true,"href":"https:\/\/ninja.encktemp.com.br\/speedbrindes\/wp-json\/wp\/v2\/product_tag?post=274371"}],"curies":[{"name":"wp","href":"https:\/\/api.w.org\/{rel}","templated":true}]}}