{"id":273784,"date":"2025-12-14T21:34:48","date_gmt":"2025-12-15T00:34:48","guid":{"rendered":"https:\/\/ninja.encktemp.com.br\/speedbrindes\/product\/necessaire-poliester-pvc-mescla-3\/"},"modified":"2025-12-28T05:21:10","modified_gmt":"2025-12-28T08:21:10","slug":"necessaire-poliester-pvc-mescla-3","status":"publish","type":"product","link":"https:\/\/ninja.encktemp.com.br\/speedbrindes\/product\/necessaire-poliester-pvc-mescla-3\/","title":{"rendered":"N\u00c9CESSAIRE POLI\u00c9STER PVC MESCLA"},"content":{"rendered":"<p>N\u00e9cessaire resistente \u00e0 \u00e1gua e confeccionado em poli\u00e9ster com mescla de PVC. Possui fechamento em z\u00edper e uma pequena al\u00e7a para fixa\u00e7\u00e3o de chaveiro ou gancho.<\/p>\n","protected":false},"excerpt":{"rendered":"<p>N\u00e9cessaire resistente \u00e0 \u00e1gua e confeccionado em poli\u00e9ster com mescla de PVC. Possui fechamento em z\u00edper e uma pequena al\u00e7a [&hellip;]<\/p>\n","protected":false},"featured_media":294086,"comment_status":"open","ping_status":"closed","template":"","meta":[],"product_brand":[2878],"product_cat":[764,2905,2994],"product_tag":[],"class_list":{"0":"post-273784","1":"product","2":"type-product","3":"status-publish","4":"has-post-thumbnail","6":"product_brand-xbz","7":"product_cat-mochilas-malas-e-necessaires","8":"product_cat-bolsas-e-acessorios-de-viagem","9":"product_cat-necessaires","11":"first","12":"instock","13":"shipping-taxable","14":"purchasable","15":"product-type-variable"},"_links":{"self":[{"href":"https:\/\/ninja.encktemp.com.br\/speedbrindes\/wp-json\/wp\/v2\/product\/273784","targetHints":{"allow":["GET"]}}],"collection":[{"href":"https:\/\/ninja.encktemp.com.br\/speedbrindes\/wp-json\/wp\/v2\/product"}],"about":[{"href":"https:\/\/ninja.encktemp.com.br\/speedbrindes\/wp-json\/wp\/v2\/types\/product"}],"replies":[{"embeddable":true,"href":"https:\/\/ninja.encktemp.com.br\/speedbrindes\/wp-json\/wp\/v2\/comments?post=273784"}],"wp:featuredmedia":[{"embeddable":true,"href":"https:\/\/ninja.encktemp.com.br\/speedbrindes\/wp-json\/wp\/v2\/media\/294086"}],"wp:attachment":[{"href":"https:\/\/ninja.encktemp.com.br\/speedbrindes\/wp-json\/wp\/v2\/media?parent=273784"}],"wp:term":[{"taxonomy":"product_brand","embeddable":true,"href":"https:\/\/ninja.encktemp.com.br\/speedbrindes\/wp-json\/wp\/v2\/product_brand?post=273784"},{"taxonomy":"product_cat","embeddable":true,"href":"https:\/\/ninja.encktemp.com.br\/speedbrindes\/wp-json\/wp\/v2\/product_cat?post=273784"},{"taxonomy":"product_tag","embeddable":true,"href":"https:\/\/ninja.encktemp.com.br\/speedbrindes\/wp-json\/wp\/v2\/product_tag?post=273784"}],"curies":[{"name":"wp","href":"https:\/\/api.w.org\/{rel}","templated":true}]}}