{"id":273503,"date":"2025-12-14T21:33:55","date_gmt":"2025-12-15T00:33:55","guid":{"rendered":"https:\/\/ninja.encktemp.com.br\/speedbrindes\/product\/bolsa-termica-dupla-7-litros\/"},"modified":"2026-04-14T09:58:22","modified_gmt":"2026-04-14T12:58:22","slug":"bolsa-termica-dupla-7-litros","status":"publish","type":"product","link":"https:\/\/ninja.encktemp.com.br\/speedbrindes\/product\/bolsa-termica-dupla-7-litros\/","title":{"rendered":"BOLSA T\u00c9RMICA DUPLA 7 LITROS"},"content":{"rendered":"","protected":false},"excerpt":{"rendered":"<p>Bolsa t\u00e9rmica confeccionada em poli\u00e9ster mesclado com PVC imperme\u00e1vel, fechamento em z\u00edper e capacidade de at\u00e9 7 litros na soma de seus dois compartimentos t\u00e9rmicos individuais revestidos em PEVA at\u00f3xico. Conta com placa emborrachada para personaliza\u00e7\u00e3o, uma al\u00e7a de m\u00e3o e al\u00e7a transversal.<\/p>\n<p><strong>Altura:<\/strong> 24 cm<br \/>\n<strong>Largura:<\/strong> 21 cm<br \/>\n<strong>Comprimento:<\/strong> 14.5 cm<br \/>\n<strong>Peso aproximado (g):<\/strong> 306<\/p>\n","protected":false},"featured_media":294189,"comment_status":"open","ping_status":"closed","template":"","meta":[],"product_brand":[2878],"product_cat":[2897],"product_tag":[],"class_list":{"0":"post-273503","1":"product","2":"type-product","3":"status-publish","4":"has-post-thumbnail","6":"product_brand-xbz","7":"product_cat-mochilas-e-bolsas","9":"first","10":"instock","11":"shipping-taxable","12":"purchasable","13":"product-type-variable"},"_links":{"self":[{"href":"https:\/\/ninja.encktemp.com.br\/speedbrindes\/wp-json\/wp\/v2\/product\/273503","targetHints":{"allow":["GET"]}}],"collection":[{"href":"https:\/\/ninja.encktemp.com.br\/speedbrindes\/wp-json\/wp\/v2\/product"}],"about":[{"href":"https:\/\/ninja.encktemp.com.br\/speedbrindes\/wp-json\/wp\/v2\/types\/product"}],"replies":[{"embeddable":true,"href":"https:\/\/ninja.encktemp.com.br\/speedbrindes\/wp-json\/wp\/v2\/comments?post=273503"}],"wp:featuredmedia":[{"embeddable":true,"href":"https:\/\/ninja.encktemp.com.br\/speedbrindes\/wp-json\/wp\/v2\/media\/294189"}],"wp:attachment":[{"href":"https:\/\/ninja.encktemp.com.br\/speedbrindes\/wp-json\/wp\/v2\/media?parent=273503"}],"wp:term":[{"taxonomy":"product_brand","embeddable":true,"href":"https:\/\/ninja.encktemp.com.br\/speedbrindes\/wp-json\/wp\/v2\/product_brand?post=273503"},{"taxonomy":"product_cat","embeddable":true,"href":"https:\/\/ninja.encktemp.com.br\/speedbrindes\/wp-json\/wp\/v2\/product_cat?post=273503"},{"taxonomy":"product_tag","embeddable":true,"href":"https:\/\/ninja.encktemp.com.br\/speedbrindes\/wp-json\/wp\/v2\/product_tag?post=273503"}],"curies":[{"name":"wp","href":"https:\/\/api.w.org\/{rel}","templated":true}]}}