{"id":273075,"date":"2025-12-14T21:32:46","date_gmt":"2025-12-15T00:32:46","guid":{"rendered":"https:\/\/ninja.encktemp.com.br\/speedbrindes\/product\/estojo-de-papelao-2\/"},"modified":"2026-04-12T01:09:08","modified_gmt":"2026-04-12T04:09:08","slug":"estojo-de-papelao-2","status":"publish","type":"product","link":"https:\/\/ninja.encktemp.com.br\/speedbrindes\/product\/estojo-de-papelao-2\/","title":{"rendered":"ESTOJO DE PAPEL\u00c3O"},"content":{"rendered":"","protected":false},"excerpt":{"rendered":"<p>Estojo em papel\u00e3o e revestimento remov\u00edvel de duas camadas em espuma com espa\u00e7o para guardar uma caneta ou lapiseira.<\/p>\n<p><strong>Altura:<\/strong> 16.2 cm<br \/>\n<strong>Largura:<\/strong> 5.5 cm<br \/>\n<strong>Comprimento:<\/strong> 2.7 cm<br \/>\n<strong>Peso aproximado (g):<\/strong> 35<\/p>\n","protected":false},"featured_media":294335,"comment_status":"open","ping_status":"closed","template":"","meta":[],"product_brand":[2878],"product_cat":[1098,1110,1174,2902],"product_tag":[],"class_list":{"0":"post-273075","1":"product","2":"type-product","3":"status-publish","4":"has-post-thumbnail","6":"product_brand-xbz","7":"product_cat-lapis","8":"product_cat-lapis-e-lapiseiras","9":"product_cat-estojos","10":"product_cat-escritorio-e-papelaria","12":"first","13":"instock","14":"shipping-taxable","15":"purchasable","16":"product-type-variable"},"_links":{"self":[{"href":"https:\/\/ninja.encktemp.com.br\/speedbrindes\/wp-json\/wp\/v2\/product\/273075","targetHints":{"allow":["GET"]}}],"collection":[{"href":"https:\/\/ninja.encktemp.com.br\/speedbrindes\/wp-json\/wp\/v2\/product"}],"about":[{"href":"https:\/\/ninja.encktemp.com.br\/speedbrindes\/wp-json\/wp\/v2\/types\/product"}],"replies":[{"embeddable":true,"href":"https:\/\/ninja.encktemp.com.br\/speedbrindes\/wp-json\/wp\/v2\/comments?post=273075"}],"wp:featuredmedia":[{"embeddable":true,"href":"https:\/\/ninja.encktemp.com.br\/speedbrindes\/wp-json\/wp\/v2\/media\/294335"}],"wp:attachment":[{"href":"https:\/\/ninja.encktemp.com.br\/speedbrindes\/wp-json\/wp\/v2\/media?parent=273075"}],"wp:term":[{"taxonomy":"product_brand","embeddable":true,"href":"https:\/\/ninja.encktemp.com.br\/speedbrindes\/wp-json\/wp\/v2\/product_brand?post=273075"},{"taxonomy":"product_cat","embeddable":true,"href":"https:\/\/ninja.encktemp.com.br\/speedbrindes\/wp-json\/wp\/v2\/product_cat?post=273075"},{"taxonomy":"product_tag","embeddable":true,"href":"https:\/\/ninja.encktemp.com.br\/speedbrindes\/wp-json\/wp\/v2\/product_tag?post=273075"}],"curies":[{"name":"wp","href":"https:\/\/api.w.org\/{rel}","templated":true}]}}