{"id":272629,"date":"2025-12-14T21:31:31","date_gmt":"2025-12-15T00:31:31","guid":{"rendered":"https:\/\/ninja.encktemp.com.br\/speedbrindes\/product\/garrafa-plastica-800ml\/"},"modified":"2025-12-28T05:22:48","modified_gmt":"2025-12-28T08:22:48","slug":"garrafa-plastica-800ml","status":"publish","type":"product","link":"https:\/\/ninja.encktemp.com.br\/speedbrindes\/product\/garrafa-plastica-800ml\/","title":{"rendered":"GARRAFA PL\u00c1STICA 800ML"},"content":{"rendered":"<p>Garrafa pl\u00e1stica com capacidade para at\u00e9 800ml, possui design ergon\u00f4mico e tampa rosque\u00e1vel em pl\u00e1stico com prote\u00e7\u00e3o para o bocal e al\u00e7a superior para transporte. <\/p>\n","protected":false},"excerpt":{"rendered":"<p>Garrafa pl\u00e1stica com capacidade para at\u00e9 800ml, possui design ergon\u00f4mico e tampa rosque\u00e1vel em pl\u00e1stico com prote\u00e7\u00e3o para o bocal [&hellip;]<\/p>\n","protected":false},"featured_media":294492,"comment_status":"open","ping_status":"closed","template":"","meta":[],"product_brand":[2878],"product_cat":[2901],"product_tag":[],"class_list":{"0":"post-272629","1":"product","2":"type-product","3":"status-publish","4":"has-post-thumbnail","6":"product_brand-xbz","7":"product_cat-casa-e-cozinha","9":"first","10":"instock","11":"shipping-taxable","12":"purchasable","13":"product-type-variable"},"_links":{"self":[{"href":"https:\/\/ninja.encktemp.com.br\/speedbrindes\/wp-json\/wp\/v2\/product\/272629","targetHints":{"allow":["GET"]}}],"collection":[{"href":"https:\/\/ninja.encktemp.com.br\/speedbrindes\/wp-json\/wp\/v2\/product"}],"about":[{"href":"https:\/\/ninja.encktemp.com.br\/speedbrindes\/wp-json\/wp\/v2\/types\/product"}],"replies":[{"embeddable":true,"href":"https:\/\/ninja.encktemp.com.br\/speedbrindes\/wp-json\/wp\/v2\/comments?post=272629"}],"wp:featuredmedia":[{"embeddable":true,"href":"https:\/\/ninja.encktemp.com.br\/speedbrindes\/wp-json\/wp\/v2\/media\/294492"}],"wp:attachment":[{"href":"https:\/\/ninja.encktemp.com.br\/speedbrindes\/wp-json\/wp\/v2\/media?parent=272629"}],"wp:term":[{"taxonomy":"product_brand","embeddable":true,"href":"https:\/\/ninja.encktemp.com.br\/speedbrindes\/wp-json\/wp\/v2\/product_brand?post=272629"},{"taxonomy":"product_cat","embeddable":true,"href":"https:\/\/ninja.encktemp.com.br\/speedbrindes\/wp-json\/wp\/v2\/product_cat?post=272629"},{"taxonomy":"product_tag","embeddable":true,"href":"https:\/\/ninja.encktemp.com.br\/speedbrindes\/wp-json\/wp\/v2\/product_tag?post=272629"}],"curies":[{"name":"wp","href":"https:\/\/api.w.org\/{rel}","templated":true}]}}