{"id":272453,"date":"2025-12-14T21:31:05","date_gmt":"2025-12-15T00:31:05","guid":{"rendered":"https:\/\/ninja.encktemp.com.br\/speedbrindes\/product\/garrafa-termica-esportiva-com-alca-850ml\/"},"modified":"2025-12-28T05:23:02","modified_gmt":"2025-12-28T08:23:02","slug":"garrafa-termica-esportiva-com-alca-850ml","status":"publish","type":"product","link":"https:\/\/ninja.encktemp.com.br\/speedbrindes\/product\/garrafa-termica-esportiva-com-alca-850ml\/","title":{"rendered":"GARRAFA T\u00c9RMICA ESPORTIVA COM AL\u00c7A 850ML"},"content":{"rendered":"<p>Garrafa t\u00e9rmica em inox com capacidade para at\u00e9 850ml, estrutura de parede dupla e isolamento a v\u00e1cuo que ajuda a conservar a temperatura de l\u00edquidos por mais tempo. Possui tampa rosque\u00e1vel em pl\u00e1stico com protetor para o bocal e trava de seguran\u00e7a, al\u00e9m de al\u00e7a fixa refor\u00e7ada. Acompanha canudo pl\u00e1stico interno.<\/p>\n","protected":false},"excerpt":{"rendered":"<p>Garrafa t\u00e9rmica em inox com capacidade para at\u00e9 850ml, estrutura de parede dupla e isolamento a v\u00e1cuo que ajuda a [&hellip;]<\/p>\n","protected":false},"featured_media":295579,"comment_status":"open","ping_status":"closed","template":"","meta":[],"product_brand":[2878],"product_cat":[2901],"product_tag":[],"class_list":{"0":"post-272453","1":"product","2":"type-product","3":"status-publish","4":"has-post-thumbnail","6":"product_brand-xbz","7":"product_cat-casa-e-cozinha","9":"first","10":"instock","11":"shipping-taxable","12":"purchasable","13":"product-type-variable"},"_links":{"self":[{"href":"https:\/\/ninja.encktemp.com.br\/speedbrindes\/wp-json\/wp\/v2\/product\/272453","targetHints":{"allow":["GET"]}}],"collection":[{"href":"https:\/\/ninja.encktemp.com.br\/speedbrindes\/wp-json\/wp\/v2\/product"}],"about":[{"href":"https:\/\/ninja.encktemp.com.br\/speedbrindes\/wp-json\/wp\/v2\/types\/product"}],"replies":[{"embeddable":true,"href":"https:\/\/ninja.encktemp.com.br\/speedbrindes\/wp-json\/wp\/v2\/comments?post=272453"}],"wp:featuredmedia":[{"embeddable":true,"href":"https:\/\/ninja.encktemp.com.br\/speedbrindes\/wp-json\/wp\/v2\/media\/295579"}],"wp:attachment":[{"href":"https:\/\/ninja.encktemp.com.br\/speedbrindes\/wp-json\/wp\/v2\/media?parent=272453"}],"wp:term":[{"taxonomy":"product_brand","embeddable":true,"href":"https:\/\/ninja.encktemp.com.br\/speedbrindes\/wp-json\/wp\/v2\/product_brand?post=272453"},{"taxonomy":"product_cat","embeddable":true,"href":"https:\/\/ninja.encktemp.com.br\/speedbrindes\/wp-json\/wp\/v2\/product_cat?post=272453"},{"taxonomy":"product_tag","embeddable":true,"href":"https:\/\/ninja.encktemp.com.br\/speedbrindes\/wp-json\/wp\/v2\/product_tag?post=272453"}],"curies":[{"name":"wp","href":"https:\/\/api.w.org\/{rel}","templated":true}]}}