{"id":272340,"date":"2025-12-14T21:30:45","date_gmt":"2025-12-15T00:30:45","guid":{"rendered":"https:\/\/ninja.encktemp.com.br\/speedbrindes\/product\/porta-comprimidos-plastico\/"},"modified":"2025-12-28T05:23:11","modified_gmt":"2025-12-28T08:23:11","slug":"porta-comprimidos-plastico","status":"publish","type":"product","link":"https:\/\/ninja.encktemp.com.br\/speedbrindes\/product\/porta-comprimidos-plastico\/","title":{"rendered":"PORTA COMPRIMIDOS PL\u00c1STICO"},"content":{"rendered":"<p>Um porta comprimidos multifuncional sob medida para as necessidades di\u00e1rias de uma rotina de medica\u00e7\u00e3o. Feita em pl\u00e1stico, conta com tr\u00eas compartimentos principais, um com tr\u00eas divis\u00f3rias com capacidade aproximada de 10 ml cada. As outras duas reparti\u00e7\u00f5es, por sua vez, apresentam um cortador de comprimidos na parte superior e um triturador localizado na interior, ambos com acionamento manual pr\u00e1tico e r\u00e1pido. Seu tamanho compacto garante praticidade para levar o porta comprimidos para qualquer <\/p>\n","protected":false},"excerpt":{"rendered":"<p>Um porta comprimidos multifuncional sob medida para as necessidades di\u00e1rias de uma rotina de medica\u00e7\u00e3o. Feita em pl\u00e1stico, conta com [&hellip;]<\/p>\n","protected":false},"featured_media":295600,"comment_status":"open","ping_status":"closed","template":"","meta":[],"product_brand":[2878],"product_cat":[2713],"product_tag":[],"class_list":{"0":"post-272340","1":"product","2":"type-product","3":"status-publish","4":"has-post-thumbnail","6":"product_brand-xbz","7":"product_cat-2713","9":"first","10":"instock","11":"shipping-taxable","12":"purchasable","13":"product-type-variable"},"_links":{"self":[{"href":"https:\/\/ninja.encktemp.com.br\/speedbrindes\/wp-json\/wp\/v2\/product\/272340","targetHints":{"allow":["GET"]}}],"collection":[{"href":"https:\/\/ninja.encktemp.com.br\/speedbrindes\/wp-json\/wp\/v2\/product"}],"about":[{"href":"https:\/\/ninja.encktemp.com.br\/speedbrindes\/wp-json\/wp\/v2\/types\/product"}],"replies":[{"embeddable":true,"href":"https:\/\/ninja.encktemp.com.br\/speedbrindes\/wp-json\/wp\/v2\/comments?post=272340"}],"wp:featuredmedia":[{"embeddable":true,"href":"https:\/\/ninja.encktemp.com.br\/speedbrindes\/wp-json\/wp\/v2\/media\/295600"}],"wp:attachment":[{"href":"https:\/\/ninja.encktemp.com.br\/speedbrindes\/wp-json\/wp\/v2\/media?parent=272340"}],"wp:term":[{"taxonomy":"product_brand","embeddable":true,"href":"https:\/\/ninja.encktemp.com.br\/speedbrindes\/wp-json\/wp\/v2\/product_brand?post=272340"},{"taxonomy":"product_cat","embeddable":true,"href":"https:\/\/ninja.encktemp.com.br\/speedbrindes\/wp-json\/wp\/v2\/product_cat?post=272340"},{"taxonomy":"product_tag","embeddable":true,"href":"https:\/\/ninja.encktemp.com.br\/speedbrindes\/wp-json\/wp\/v2\/product_tag?post=272340"}],"curies":[{"name":"wp","href":"https:\/\/api.w.org\/{rel}","templated":true}]}}