{"id":272228,"date":"2025-12-14T21:30:26","date_gmt":"2025-12-15T00:30:26","guid":{"rendered":"https:\/\/ninja.encktemp.com.br\/speedbrindes\/product\/caneta-metal-c-touch-4\/"},"modified":"2025-12-28T05:23:21","modified_gmt":"2025-12-28T08:23:21","slug":"caneta-metal-c-touch-4","status":"publish","type":"product","link":"https:\/\/ninja.encktemp.com.br\/speedbrindes\/product\/caneta-metal-c-touch-4\/","title":{"rendered":"CANETA METAL C\/ TOUCH"},"content":{"rendered":"<p>Caneta met\u00e1lica com acionador touch, clipe met\u00e1lico e ponteira pl\u00e1stica. Carga esferogr\u00e1fica azul 1.0mm e acionamento por clique.<\/p>\n","protected":false},"excerpt":{"rendered":"<p>Caneta met\u00e1lica com acionador touch, clipe met\u00e1lico e ponteira pl\u00e1stica. Carga esferogr\u00e1fica azul 1.0mm e acionamento por clique.<\/p>\n","protected":false},"featured_media":295620,"comment_status":"open","ping_status":"closed","template":"","meta":[],"product_brand":[2878],"product_cat":[2902,2953,2955],"product_tag":[],"class_list":{"0":"post-272228","1":"product","2":"type-product","3":"status-publish","4":"has-post-thumbnail","6":"product_brand-xbz","7":"product_cat-escritorio-e-papelaria","8":"product_cat-canetas-metal","9":"product_cat-canetas-plasticas","11":"first","12":"instock","13":"shipping-taxable","14":"purchasable","15":"product-type-variable"},"_links":{"self":[{"href":"https:\/\/ninja.encktemp.com.br\/speedbrindes\/wp-json\/wp\/v2\/product\/272228","targetHints":{"allow":["GET"]}}],"collection":[{"href":"https:\/\/ninja.encktemp.com.br\/speedbrindes\/wp-json\/wp\/v2\/product"}],"about":[{"href":"https:\/\/ninja.encktemp.com.br\/speedbrindes\/wp-json\/wp\/v2\/types\/product"}],"replies":[{"embeddable":true,"href":"https:\/\/ninja.encktemp.com.br\/speedbrindes\/wp-json\/wp\/v2\/comments?post=272228"}],"wp:featuredmedia":[{"embeddable":true,"href":"https:\/\/ninja.encktemp.com.br\/speedbrindes\/wp-json\/wp\/v2\/media\/295620"}],"wp:attachment":[{"href":"https:\/\/ninja.encktemp.com.br\/speedbrindes\/wp-json\/wp\/v2\/media?parent=272228"}],"wp:term":[{"taxonomy":"product_brand","embeddable":true,"href":"https:\/\/ninja.encktemp.com.br\/speedbrindes\/wp-json\/wp\/v2\/product_brand?post=272228"},{"taxonomy":"product_cat","embeddable":true,"href":"https:\/\/ninja.encktemp.com.br\/speedbrindes\/wp-json\/wp\/v2\/product_cat?post=272228"},{"taxonomy":"product_tag","embeddable":true,"href":"https:\/\/ninja.encktemp.com.br\/speedbrindes\/wp-json\/wp\/v2\/product_tag?post=272228"}],"curies":[{"name":"wp","href":"https:\/\/api.w.org\/{rel}","templated":true}]}}