{"id":272097,"date":"2025-12-14T21:30:02","date_gmt":"2025-12-15T00:30:02","guid":{"rendered":"https:\/\/ninja.encktemp.com.br\/speedbrindes\/product\/bolsa-termica-9l-4\/"},"modified":"2026-04-08T03:17:09","modified_gmt":"2026-04-08T06:17:09","slug":"bolsa-termica-9l-4","status":"publish","type":"product","link":"https:\/\/ninja.encktemp.com.br\/speedbrindes\/product\/bolsa-termica-9l-4\/","title":{"rendered":"BOLSA T\u00c9RMICA 9L"},"content":{"rendered":"<p>Aliada para manter os alimentos frescos e saud\u00e1veis por mais tempo!\u00a0Mais do que uma Bolsa t\u00e9rmica 9 litros, possui um design moderno que lembra uma bolsa casual, trazendo praticidade e estilo para o dia a dia. Produzida\u00a0em poli\u00e9ster com detalhes em couro sint\u00e9tico, ela conta com dois compartimentos com revestimento interno em PEVA at\u00f3xico: um frontal, ideal para utens\u00edlios, guardanapos ou pequenos itens, e o principal, perfeito para marmitas, lanches, sucos e muito mais! <\/p>\n","protected":false},"excerpt":{"rendered":"<p>Aliada para manter os alimentos frescos e saud\u00e1veis por mais tempo!\u00a0Mais do que uma Bolsa t\u00e9rmica 9 litros, possui um [&hellip;]<\/p>\n","protected":false},"featured_media":294680,"comment_status":"open","ping_status":"closed","template":"","meta":[],"product_brand":[2878],"product_cat":[2897],"product_tag":[],"class_list":{"0":"post-272097","1":"product","2":"type-product","3":"status-publish","4":"has-post-thumbnail","6":"product_brand-xbz","7":"product_cat-mochilas-e-bolsas","9":"first","10":"instock","11":"shipping-taxable","12":"purchasable","13":"product-type-variable"},"_links":{"self":[{"href":"https:\/\/ninja.encktemp.com.br\/speedbrindes\/wp-json\/wp\/v2\/product\/272097","targetHints":{"allow":["GET"]}}],"collection":[{"href":"https:\/\/ninja.encktemp.com.br\/speedbrindes\/wp-json\/wp\/v2\/product"}],"about":[{"href":"https:\/\/ninja.encktemp.com.br\/speedbrindes\/wp-json\/wp\/v2\/types\/product"}],"replies":[{"embeddable":true,"href":"https:\/\/ninja.encktemp.com.br\/speedbrindes\/wp-json\/wp\/v2\/comments?post=272097"}],"wp:featuredmedia":[{"embeddable":true,"href":"https:\/\/ninja.encktemp.com.br\/speedbrindes\/wp-json\/wp\/v2\/media\/294680"}],"wp:attachment":[{"href":"https:\/\/ninja.encktemp.com.br\/speedbrindes\/wp-json\/wp\/v2\/media?parent=272097"}],"wp:term":[{"taxonomy":"product_brand","embeddable":true,"href":"https:\/\/ninja.encktemp.com.br\/speedbrindes\/wp-json\/wp\/v2\/product_brand?post=272097"},{"taxonomy":"product_cat","embeddable":true,"href":"https:\/\/ninja.encktemp.com.br\/speedbrindes\/wp-json\/wp\/v2\/product_cat?post=272097"},{"taxonomy":"product_tag","embeddable":true,"href":"https:\/\/ninja.encktemp.com.br\/speedbrindes\/wp-json\/wp\/v2\/product_tag?post=272097"}],"curies":[{"name":"wp","href":"https:\/\/api.w.org\/{rel}","templated":true}]}}