{"id":272032,"date":"2025-12-14T21:29:47","date_gmt":"2025-12-15T00:29:47","guid":{"rendered":"https:\/\/ninja.encktemp.com.br\/speedbrindes\/product\/bolsa-de-poliester-33l\/"},"modified":"2025-12-28T05:23:41","modified_gmt":"2025-12-28T08:23:41","slug":"bolsa-de-poliester-33l","status":"publish","type":"product","link":"https:\/\/ninja.encktemp.com.br\/speedbrindes\/product\/bolsa-de-poliester-33l\/","title":{"rendered":"BOLSA DE POLI\u00c9STER 33L"},"content":{"rendered":"<p> Bolsa com capacidade m\u00e1xima de at\u00e9 33 litros ap\u00f3s abrir o bolso expansivo, ideal para transportar uniformes, cal\u00e7ados e equipamentos esportivos em geral para qualquer lugar. Feita em poli\u00e9ster, ela \u00e9 resistente \u00e0 \u00e1gua, garantindo a prote\u00e7\u00e3o de todo o conte\u00fado do interior da bolsa, o que, junto com as suas al\u00e7as resistentes, a transforma em uma companhia excelente para treinos e atividades pr\u00e1ticas ao ar livre.<\/p>\n","protected":false},"excerpt":{"rendered":"<p>Bolsa com capacidade m\u00e1xima de at\u00e9 33 litros ap\u00f3s abrir o bolso expansivo, ideal para transportar uniformes, cal\u00e7ados e equipamentos [&hellip;]<\/p>\n","protected":false},"featured_media":295653,"comment_status":"open","ping_status":"closed","template":"","meta":[],"product_brand":[2878],"product_cat":[2897],"product_tag":[],"class_list":{"0":"post-272032","1":"product","2":"type-product","3":"status-publish","4":"has-post-thumbnail","6":"product_brand-xbz","7":"product_cat-mochilas-e-bolsas","9":"first","10":"instock","11":"shipping-taxable","12":"product-type-variable"},"_links":{"self":[{"href":"https:\/\/ninja.encktemp.com.br\/speedbrindes\/wp-json\/wp\/v2\/product\/272032","targetHints":{"allow":["GET"]}}],"collection":[{"href":"https:\/\/ninja.encktemp.com.br\/speedbrindes\/wp-json\/wp\/v2\/product"}],"about":[{"href":"https:\/\/ninja.encktemp.com.br\/speedbrindes\/wp-json\/wp\/v2\/types\/product"}],"replies":[{"embeddable":true,"href":"https:\/\/ninja.encktemp.com.br\/speedbrindes\/wp-json\/wp\/v2\/comments?post=272032"}],"wp:featuredmedia":[{"embeddable":true,"href":"https:\/\/ninja.encktemp.com.br\/speedbrindes\/wp-json\/wp\/v2\/media\/295653"}],"wp:attachment":[{"href":"https:\/\/ninja.encktemp.com.br\/speedbrindes\/wp-json\/wp\/v2\/media?parent=272032"}],"wp:term":[{"taxonomy":"product_brand","embeddable":true,"href":"https:\/\/ninja.encktemp.com.br\/speedbrindes\/wp-json\/wp\/v2\/product_brand?post=272032"},{"taxonomy":"product_cat","embeddable":true,"href":"https:\/\/ninja.encktemp.com.br\/speedbrindes\/wp-json\/wp\/v2\/product_cat?post=272032"},{"taxonomy":"product_tag","embeddable":true,"href":"https:\/\/ninja.encktemp.com.br\/speedbrindes\/wp-json\/wp\/v2\/product_tag?post=272032"}],"curies":[{"name":"wp","href":"https:\/\/api.w.org\/{rel}","templated":true}]}}