{"id":271985,"date":"2025-12-14T21:29:42","date_gmt":"2025-12-15T00:29:42","guid":{"rendered":"https:\/\/ninja.encktemp.com.br\/speedbrindes\/product\/cascata-led-multifuncoes\/"},"modified":"2025-12-28T05:23:46","modified_gmt":"2025-12-28T08:23:46","slug":"cascata-led-multifuncoes","status":"publish","type":"product","link":"https:\/\/ninja.encktemp.com.br\/speedbrindes\/product\/cascata-led-multifuncoes\/","title":{"rendered":"CASCATA LED MULTIFUN\u00c7\u00d5ES"},"content":{"rendered":"<p>Pisca-pisca em formato de cascata com 400 LEDs distribu\u00eddos em aproximadamente 10 metros de cabo de alimenta\u00e7\u00e3o. Disp\u00f5e de 8 modos de ilumina\u00e7\u00e3o control\u00e1veis por painel dispon\u00edvel na extens\u00e3o do cabo, al\u00e9m de plug para conex\u00e3o a outros conjuntos compat\u00edveis.<\/p>\n","protected":false},"excerpt":{"rendered":"<p>Pisca-pisca em formato de cascata com 400 LEDs distribu\u00eddos em aproximadamente 10 metros de cabo de alimenta\u00e7\u00e3o. Disp\u00f5e de 8 [&hellip;]<\/p>\n","protected":false},"featured_media":245620,"comment_status":"open","ping_status":"closed","template":"","meta":[],"product_brand":[2878],"product_cat":[2907],"product_tag":[],"class_list":{"0":"post-271985","1":"product","2":"type-product","3":"status-publish","4":"has-post-thumbnail","6":"product_brand-xbz","7":"product_cat-decoracao","9":"first","10":"instock","11":"shipping-taxable","12":"purchasable","13":"product-type-variable"},"_links":{"self":[{"href":"https:\/\/ninja.encktemp.com.br\/speedbrindes\/wp-json\/wp\/v2\/product\/271985","targetHints":{"allow":["GET"]}}],"collection":[{"href":"https:\/\/ninja.encktemp.com.br\/speedbrindes\/wp-json\/wp\/v2\/product"}],"about":[{"href":"https:\/\/ninja.encktemp.com.br\/speedbrindes\/wp-json\/wp\/v2\/types\/product"}],"replies":[{"embeddable":true,"href":"https:\/\/ninja.encktemp.com.br\/speedbrindes\/wp-json\/wp\/v2\/comments?post=271985"}],"wp:featuredmedia":[{"embeddable":true,"href":"https:\/\/ninja.encktemp.com.br\/speedbrindes\/wp-json\/wp\/v2\/media\/245620"}],"wp:attachment":[{"href":"https:\/\/ninja.encktemp.com.br\/speedbrindes\/wp-json\/wp\/v2\/media?parent=271985"}],"wp:term":[{"taxonomy":"product_brand","embeddable":true,"href":"https:\/\/ninja.encktemp.com.br\/speedbrindes\/wp-json\/wp\/v2\/product_brand?post=271985"},{"taxonomy":"product_cat","embeddable":true,"href":"https:\/\/ninja.encktemp.com.br\/speedbrindes\/wp-json\/wp\/v2\/product_cat?post=271985"},{"taxonomy":"product_tag","embeddable":true,"href":"https:\/\/ninja.encktemp.com.br\/speedbrindes\/wp-json\/wp\/v2\/product_tag?post=271985"}],"curies":[{"name":"wp","href":"https:\/\/api.w.org\/{rel}","templated":true}]}}