{"id":271761,"date":"2025-12-14T21:29:07","date_gmt":"2025-12-15T00:29:07","guid":{"rendered":"https:\/\/ninja.encktemp.com.br\/speedbrindes\/product\/caneta-metal-touch-22\/"},"modified":"2025-12-28T05:24:05","modified_gmt":"2025-12-28T08:24:05","slug":"caneta-metal-touch-22","status":"publish","type":"product","link":"https:\/\/ninja.encktemp.com.br\/speedbrindes\/product\/caneta-metal-touch-22\/","title":{"rendered":"CANETA METAL TOUCH"},"content":{"rendered":"<p>Caneta esferogr\u00e1fica com carga azul de 1.0mm e acionamento por clique. De constru\u00e7\u00e3o met\u00e1lica, tamb\u00e9m possui ponteira emborrachada que permite seu uso como uma caneta touch para intera\u00e7\u00e3o com dispositivos de tela sens\u00edvel ao toque.<\/p>\n","protected":false},"excerpt":{"rendered":"<p>Caneta esferogr\u00e1fica com carga azul de 1.0mm e acionamento por clique. De constru\u00e7\u00e3o met\u00e1lica, tamb\u00e9m possui ponteira emborrachada que permite [&hellip;]<\/p>\n","protected":false},"featured_media":294801,"comment_status":"open","ping_status":"closed","template":"","meta":[],"product_brand":[2878],"product_cat":[2902,2953],"product_tag":[],"class_list":{"0":"post-271761","1":"product","2":"type-product","3":"status-publish","4":"has-post-thumbnail","6":"product_brand-xbz","7":"product_cat-escritorio-e-papelaria","8":"product_cat-canetas-metal","10":"first","11":"instock","12":"shipping-taxable","13":"purchasable","14":"product-type-variable"},"_links":{"self":[{"href":"https:\/\/ninja.encktemp.com.br\/speedbrindes\/wp-json\/wp\/v2\/product\/271761","targetHints":{"allow":["GET"]}}],"collection":[{"href":"https:\/\/ninja.encktemp.com.br\/speedbrindes\/wp-json\/wp\/v2\/product"}],"about":[{"href":"https:\/\/ninja.encktemp.com.br\/speedbrindes\/wp-json\/wp\/v2\/types\/product"}],"replies":[{"embeddable":true,"href":"https:\/\/ninja.encktemp.com.br\/speedbrindes\/wp-json\/wp\/v2\/comments?post=271761"}],"wp:featuredmedia":[{"embeddable":true,"href":"https:\/\/ninja.encktemp.com.br\/speedbrindes\/wp-json\/wp\/v2\/media\/294801"}],"wp:attachment":[{"href":"https:\/\/ninja.encktemp.com.br\/speedbrindes\/wp-json\/wp\/v2\/media?parent=271761"}],"wp:term":[{"taxonomy":"product_brand","embeddable":true,"href":"https:\/\/ninja.encktemp.com.br\/speedbrindes\/wp-json\/wp\/v2\/product_brand?post=271761"},{"taxonomy":"product_cat","embeddable":true,"href":"https:\/\/ninja.encktemp.com.br\/speedbrindes\/wp-json\/wp\/v2\/product_cat?post=271761"},{"taxonomy":"product_tag","embeddable":true,"href":"https:\/\/ninja.encktemp.com.br\/speedbrindes\/wp-json\/wp\/v2\/product_tag?post=271761"}],"curies":[{"name":"wp","href":"https:\/\/api.w.org\/{rel}","templated":true}]}}